{"id":747,"date":"2021-06-11T13:54:34","date_gmt":"2021-06-11T17:54:34","guid":{"rendered":"http:\/\/path4you.org\/?page_id=747"},"modified":"2022-09-07T22:25:51","modified_gmt":"2022-09-08T02:25:51","slug":"privacy-policy","status":"publish","type":"page","link":"https:\/\/path4you.org\/ht\/privacy-policy\/","title":{"rendered":"R\u00e8gleman sou enf\u00f2masyon prive"},"content":{"rendered":"<div class=\"wp-block-cover alignfull has-custom-content-position is-position-center-left\" style=\"min-height:570px;aspect-ratio:unset;\"><span aria-hidden=\"true\" class=\"wp-block-cover__background has-background-dim-70 has-background-dim wp-block-cover__gradient-background has-background-gradient\" style=\"background:linear-gradient(90deg,rgba(133,32,101,0.6975) 51.76%,rgba(107,174,128,0.525) 89.36%)\"><\/span><img loading=\"lazy\" decoding=\"async\" width=\"1440\" height=\"960\" class=\"wp-block-cover__image-background wp-image-180\" alt=\"\" src=\"http:\/\/path4you.org\/wp-content\/uploads\/2021\/04\/path4you-07.jpg\" style=\"object-position:24% 71%\" data-object-fit=\"cover\" data-object-position=\"24% 71%\" srcset=\"https:\/\/path4you.org\/wp-content\/uploads\/2021\/04\/path4you-07.jpg 1440w, https:\/\/path4you.org\/wp-content\/uploads\/2021\/04\/path4you-07-771x514.jpg 771w, https:\/\/path4you.org\/wp-content\/uploads\/2021\/04\/path4you-07-768x512.jpg 768w, https:\/\/path4you.org\/wp-content\/uploads\/2021\/04\/path4you-07-16x12.jpg 16w\" sizes=\"auto, (max-width: 1440px) 100vw, 1440px\" \/><div class=\"wp-block-cover__inner-container is-layout-flow wp-block-cover-is-layout-flow\">\n<h2 class=\"has-huge-font-size wp-block-heading\">R\u00e8gleman sou enf\u00f2masyon prive<\/h2>\n<\/div><\/div>\n\n\n\n<div style=\"height:40px\" aria-hidden=\"true\" class=\"wp-block-spacer\"><\/div>\n\n\n\n<div class=\"wp-block-columns is-layout-flex wp-container-core-columns-is-layout-9d6595d7 wp-block-columns-is-layout-flex\">\n<div class=\"wp-block-column is-layout-flow wp-block-column-is-layout-flow\" style=\"flex-basis:15%\"><\/div>\n\n\n\n<div class=\"wp-block-column is-layout-flow wp-block-column-is-layout-flow\" style=\"flex-basis:70%\">\n<h2 class=\"wp-block-heading\">Ki moun nou ye<\/h2>\n\n\n\n<p>Adr\u00e8s sit ent\u00e8n\u00e8t nou an se: http:\/\/path4you.org.<\/p>\n\n\n\n<h2 class=\"wp-block-heading\">K\u00f2mant\u00e8<\/h2>\n\n\n\n<p>L\u00e8 vizit\u00e8 yo kite k\u00f2mant\u00e8 sou sit la, nou kolekte done yo montre nan f\u00f2m k\u00f2mant\u00e8 yo, epi tou adr\u00e8s IP vizit\u00e8 a ak k\u00f2d ajan itilizat\u00e8 navigat\u00e8 a pou ede deteksyon spam.<\/p>\n\n\n\n<p>Yon k\u00f2d anonim ki te kreye nan adr\u00e8s imel ou (yo rele tou hash) ka bay s\u00e8vis Gravatar pou w\u00e8 si w ap itilize li. R\u00e8g sou enf\u00f2masyon prive s\u00e8vis Gravatar disponib isit la: https:\/\/automattic.com\/privacy\/. Apre apwobasyon k\u00f2mant\u00e8 ou a, foto pwofil ou a vizib pou piblik la nan kont\u00e8ks k\u00f2mant\u00e8 ou a.<\/p>\n\n\n\n<h2 class=\"wp-block-heading\">Medya<\/h2>\n\n\n\n<p>Si ou telechaje imaj sou sit ent\u00e8n\u00e8t la, ou ta dwe evite telechaje imaj ki gen ladan done kote yo entegre (EXIF GPS). Vizit\u00e8 yo nan sit ent\u00e8n\u00e8t la ka telechaje ak ekstr\u00e8 nenp\u00f2t done kote nan imaj sou sit ent\u00e8n\u00e8t la.<\/p>\n\n\n\n<h2 class=\"wp-block-heading\">Bonbon<\/h2>\n\n\n\n<p>Si ou kite yon k\u00f2mant\u00e8 sou sit nou an, ou ka patisipe pou kons\u00e8ve non ou, adr\u00e8s imel ak sit ent\u00e8n\u00e8t ou nan cookies. Sa yo se pou konvenyans ou pou ke ou pa bezwen ranpli detay ou ank\u00f2 l\u00e8 ou kite yon l\u00f2t k\u00f2mant\u00e8. Bonbon sa yo pral dire pou yon ane.<\/p>\n\n\n\n<p>Si w vizite paj login nou an, n ap mete yon cookie tanpor\u00e8 pou det\u00e8mine si navigat\u00e8 w la aksepte bonbon. Cookie sa a pa gen okenn done p\u00e8son\u00e8l epi yo jete l\u00e8 ou f\u00e8men navigat\u00e8 w la.<\/p>\n\n\n\n<p>L\u00e8 w konekte, n ap mete plizy\u00e8 bonbon tou pou kons\u00e8ve enf\u00f2masyon pou w konekte w ak chwa pou w montre ekran w yo. Bonbon koneksyon dire pou de jou, ak opsyon ekran bonbon dire pou yon ane. Si w chwazi &quot;Sonje m &#039;&quot;, koneksyon w ap p\u00e8siste pou de sem\u00e8n. Si ou dekonekte kont ou a, yo pral retire bonbon ki konekte yo.<\/p>\n\n\n\n<p>Si w edite oswa pibliye yon atik, yon bonbon adisyon\u00e8l pral sove nan navigat\u00e8 w la. Cookie sa a pa gen okenn done p\u00e8son\u00e8l epi tou senpleman endike idantifikasyon p\u00f2s atik ou sot edite a. Li ekspire apre 1 jou.<\/p>\n\n\n\n<h2 class=\"wp-block-heading\">Kontni entegre nan l\u00f2t sit ent\u00e8n\u00e8t<\/h2>\n\n\n\n<p>Atik sou sit sa a ka gen ladan kontni entegre (pa egzanp videyo, imaj, atik, elatriye). Embedded kontni ki soti nan l\u00f2t sit ent\u00e8n\u00e8t konp\u00f2te yo egzakteman menm jan ak si vizit\u00e8 a te vizite l\u00f2t sit ent\u00e8n\u00e8t la.<\/p>\n\n\n\n<p>Sit ent\u00e8n\u00e8t sa yo ka kolekte done sou ou, s\u00e8vi ak bonbon, entegre l\u00f2t twazy\u00e8m pati swiv, epi kontwole ent\u00e8raksyon ou ak kontni entegre sa a, ki gen ladan swiv ent\u00e8raksyon ou ak kontni an entegre si ou gen yon kont epi ou konekte sou sit ent\u00e8n\u00e8t sa a.<\/p>\n\n\n\n<h2 class=\"wp-block-heading\">Ak ki moun nou pataje done ou yo<\/h2>\n\n\n\n<p>Si ou mande yon reset modpas, adr\u00e8s IP ou pral enkli nan im\u00e8l reset la.<\/p>\n\n\n\n<h2 class=\"wp-block-heading\">Konbyen tan nou kenbe done ou yo<\/h2>\n\n\n\n<p>Si ou kite yon k\u00f2mant\u00e8, k\u00f2mant\u00e8 a ak metadata li yo kons\u00e8ve pou yon tan endefini. Sa a se pou nou ka rekon\u00e8t ak apwouve nenp\u00f2t k\u00f2mant\u00e8 swivi otomatikman olye pou yo kenbe yo nan yon keu mod\u00e9ration.<\/p>\n\n\n\n<p>Pou itilizat\u00e8 ki anrejistre sou sit ent\u00e8n\u00e8t nou an (si genyen), nou tou estoke enf\u00f2masyon p\u00e8son\u00e8l yo bay nan pwofil itilizat\u00e8 yo. Tout itilizat\u00e8 yo ka w\u00e8, modifye, oswa efase enf\u00f2masyon p\u00e8son\u00e8l yo nenp\u00f2t ki l\u00e8 (eksepte yo pa ka chanje non itilizat\u00e8 yo). Administrat\u00e8 sitw\u00e8b yo ka w\u00e8 epi modifye enf\u00f2masyon sa yo tou.<\/p>\n\n\n\n<h2 class=\"wp-block-heading\">Ki dwa ou genyen sou done ou yo<\/h2>\n\n\n\n<p>Si ou gen yon kont sou sit sa a, oswa ou te kite k\u00f2mant\u00e8, ou ka mande pou resevwa yon fichye eksp\u00f2te done p\u00e8son\u00e8l nou kenbe sou ou yo, ki gen ladan nenp\u00f2t done ou te bay nou. Ou ka mande tou pou nou efase nenp\u00f2t done p\u00e8son\u00e8l nou genyen sou ou. Sa a pa enkli okenn done nou oblije kenbe pou rezon administratif, legal oswa sekirite.<\/p>\n\n\n\n<h2 class=\"wp-block-heading\">Ki kote nou voye done ou yo<\/h2>\n\n\n\n<p>K\u00f2mant\u00e8 vizit\u00e8 yo ka tcheke atrav\u00e8 yon s\u00e8vis otomatik deteksyon spam.<\/p>\n<\/div>\n\n\n\n<div class=\"wp-block-column is-layout-flow wp-block-column-is-layout-flow\" style=\"flex-basis:15%\"><\/div>\n<\/div>","protected":false},"excerpt":{"rendered":"<p>Ki moun nou ye Adr\u00e8s sit ent\u00e8n\u00e8t nou an se: http:\/\/path4you.org. K\u00f2mant\u00e8 L\u00e8...<\/p>","protected":false},"author":2,"featured_media":0,"parent":0,"menu_order":0,"comment_status":"closed","ping_status":"closed","template":"","meta":{"_acf_changed":false,"inline_featured_image":false,"_uag_custom_page_level_css":"","footnotes":""},"class_list":["post-747","page","type-page","status-publish","hentry"],"acf":[],"uagb_featured_image_src":{"full":false,"thumbnail":false,"medium":false,"medium_large":false,"large":false,"1536x1536":false,"2048x2048":false,"trp-custom-language-flag":false,"gform-image-choice-sm":false,"gform-image-choice-md":false,"gform-image-choice-lg":false},"uagb_author_info":{"display_name":"Cornershop Creative","author_link":"https:\/\/path4you.org\/ht\/author\/cornershop\/"},"uagb_comment_info":0,"uagb_excerpt":"Who we are Our website address is: http:\/\/path4you.org. Comments When&#46;&#46;&#46;","_links":{"self":[{"href":"https:\/\/path4you.org\/ht\/wp-json\/wp\/v2\/pages\/747","targetHints":{"allow":["GET"]}}],"collection":[{"href":"https:\/\/path4you.org\/ht\/wp-json\/wp\/v2\/pages"}],"about":[{"href":"https:\/\/path4you.org\/ht\/wp-json\/wp\/v2\/types\/page"}],"author":[{"embeddable":true,"href":"https:\/\/path4you.org\/ht\/wp-json\/wp\/v2\/users\/2"}],"replies":[{"embeddable":true,"href":"https:\/\/path4you.org\/ht\/wp-json\/wp\/v2\/comments?post=747"}],"version-history":[{"count":7,"href":"https:\/\/path4you.org\/ht\/wp-json\/wp\/v2\/pages\/747\/revisions"}],"predecessor-version":[{"id":2123,"href":"https:\/\/path4you.org\/ht\/wp-json\/wp\/v2\/pages\/747\/revisions\/2123"}],"wp:attachment":[{"href":"https:\/\/path4you.org\/ht\/wp-json\/wp\/v2\/media?parent=747"}],"curies":[{"name":"wp","href":"https:\/\/api.w.org\/{rel}","templated":true}]}}