{"id":452,"date":"2021-05-21T13:12:06","date_gmt":"2021-05-21T17:12:06","guid":{"rendered":"http:\/\/path4you.org\/?page_id=452"},"modified":"2023-12-18T14:11:31","modified_gmt":"2023-12-18T19:11:31","slug":"program-pillars","status":"publish","type":"page","link":"https:\/\/path4you.org\/ht\/about-us-old\/program-pillars\/","title":{"rendered":"Poto pwogram yo"},"content":{"rendered":"<div class=\"wp-block-cover alignfull is-light has-custom-content-position is-position-center-right large\" style=\"min-height:80vh;aspect-ratio:unset;\"><span aria-hidden=\"true\" class=\"wp-block-cover__background has-background-dim-0 has-background-dim has-background-gradient has-green-to-purple-gradient-background\"><\/span><img loading=\"lazy\" decoding=\"async\" width=\"1920\" height=\"1080\" class=\"wp-block-cover__image-background wp-image-3561\" alt=\"\" src=\"https:\/\/path4you.org\/wp-content\/uploads\/2023\/10\/Pillars-HeroImage-1.jpg\" style=\"object-position:0% 0%\" data-object-fit=\"cover\" data-object-position=\"0% 0%\" srcset=\"https:\/\/path4you.org\/wp-content\/uploads\/2023\/10\/Pillars-HeroImage-1.jpg 1920w, https:\/\/path4you.org\/wp-content\/uploads\/2023\/10\/Pillars-HeroImage-1-771x434.jpg 771w, https:\/\/path4you.org\/wp-content\/uploads\/2023\/10\/Pillars-HeroImage-1-768x432.jpg 768w, https:\/\/path4you.org\/wp-content\/uploads\/2023\/10\/Pillars-HeroImage-1-1536x864.jpg 1536w, https:\/\/path4you.org\/wp-content\/uploads\/2023\/10\/Pillars-HeroImage-1-18x10.jpg 18w\" sizes=\"auto, (max-width: 1920px) 100vw, 1920px\" \/><div class=\"wp-block-cover__inner-container is-layout-flow wp-block-cover-is-layout-flow\">\n<h1 class=\"has-text-align-center has-white-color has-text-color wp-block-heading\" style=\"font-size:56px\"><strong>Poto pwogram yo<\/strong><\/h1>\n\n\n\n<h2 class=\"has-text-align-center pillars has-white-color has-text-color uag-hide-mob wp-block-heading\" style=\"font-size:24px\"><strong>Depistaj Entansyon Gwos\u00e8s <\/strong><br><strong>Kons\u00e8y konpl\u00e8 sou kontrasepsyon <\/strong><br><strong>Aks\u00e8 Menm Jou<\/strong><\/h2>\n<\/div><\/div>\n\n\n\n<div class=\"wp-block-media-text alignwide has-media-on-the-right is-stacked-on-mobile\"><div class=\"wp-block-media-text__content\">\n<h2 class=\"has-text-align-center wp-block-heading\">Depistaj Entansyon Gwos\u00e8s&nbsp;<\/h2>\n\n\n\n<p>\u00c8ske ou panse ou ta renmen (plis) timoun yon jou? Ki l\u00e8 ou panse sa ta ka? Ki enp\u00f2tans pou ou pou anpeche gwos\u00e8s jouk l\u00e8 sa a? Founis\u00e8 nou yo ap poze w kesyon sa yo pou asire plan kontrasepsyon ou an bon pou ou.<\/p>\n\n\n\n<div class=\"wp-block-uagb-marketing-button uagb-marketing-btn__align-center uagb-marketing-btn__align-text-center uagb-marketing-btn__icon-after uagb-block-4bd6c9b9 wp-block-button\"><a href=\"#form-section\" class=\"uagb-marketing-btn__link wp-block-button__link\" target=\"\" rel=\"noopener noreferrer\"><span class=\"uagb-marketing-btn__title\">Pran randevou w <\/span><\/a><\/div>\n<\/div><figure class=\"wp-block-media-text__media\"><img loading=\"lazy\" decoding=\"async\" width=\"1440\" height=\"960\" src=\"http:\/\/path4you.org\/wp-content\/uploads\/2021\/05\/path4you-09.jpg\" alt=\"\" class=\"wp-image-385 size-full\" srcset=\"https:\/\/path4you.org\/wp-content\/uploads\/2021\/05\/path4you-09.jpg 1440w, https:\/\/path4you.org\/wp-content\/uploads\/2021\/05\/path4you-09-771x514.jpg 771w, https:\/\/path4you.org\/wp-content\/uploads\/2021\/05\/path4you-09-768x512.jpg 768w, https:\/\/path4you.org\/wp-content\/uploads\/2021\/05\/path4you-09-16x12.jpg 16w\" sizes=\"auto, (max-width: 1440px) 100vw, 1440px\" \/><\/figure><\/div>\n\n\n\n<div class=\"wp-block-media-text alignwide is-stacked-on-mobile\"><figure class=\"wp-block-media-text__media\"><img loading=\"lazy\" decoding=\"async\" width=\"771\" height=\"514\" src=\"https:\/\/path4you.org\/wp-content\/uploads\/2023\/10\/Counseling-image-1-771x514.jpg\" alt=\"\" class=\"wp-image-3564 size-full\" srcset=\"https:\/\/path4you.org\/wp-content\/uploads\/2023\/10\/Counseling-image-1-771x514.jpg 771w, https:\/\/path4you.org\/wp-content\/uploads\/2023\/10\/Counseling-image-1-768x512.jpg 768w, https:\/\/path4you.org\/wp-content\/uploads\/2023\/10\/Counseling-image-1-18x12.jpg 18w, https:\/\/path4you.org\/wp-content\/uploads\/2023\/10\/Counseling-image-1.jpg 1440w\" sizes=\"auto, (max-width: 771px) 100vw, 771px\" \/><\/figure><div class=\"wp-block-media-text__content\">\n<h2 class=\"has-text-align-center wp-block-heading\">Kons\u00e8y konpl\u00e8 sou kontrasepsyon<\/h2>\n\n\n\n<p>\u00c8ske gen yon met\u00f2d kontw\u00f2l nesans ou ta renmen diskite? Ki sa ki te travay pou ou nan tan lontan an? Ki sa ki pa travay? Nou vle asire w ke ou konnen <strong>tout<\/strong> nan opsyon ki disponib yo, ki jan yo byen travay, nenp\u00f2t ef\u00e8 segond\u00e8, ak ki jan yo jwenn yo!<\/p>\n\n\n\n<div class=\"wp-block-uagb-marketing-button uagb-marketing-btn__align-center uagb-marketing-btn__align-text-center uagb-marketing-btn__icon-after uagb-block-c1810ea1 wp-block-button\"><a href=\"#form-section\" class=\"uagb-marketing-btn__link wp-block-button__link\" target=\"\" rel=\"noopener noreferrer\"><span class=\"uagb-marketing-btn__title\">Pran randevou w <\/span><\/a><\/div>\n<\/div><\/div>\n\n\n\n<div class=\"wp-block-media-text alignwide has-media-on-the-right is-stacked-on-mobile\"><div class=\"wp-block-media-text__content\">\n<h2 class=\"has-text-align-center wp-block-heading\">Aks\u00e8 Menm Jou<\/h2>\n\n\n\n<p>Konnen ki met\u00f2d ou vle? Gwo! Nou pral ede w <strong>jwenn met\u00f2d ou pito jodi a!<\/strong> \u00c8ske w enterese jwenn yon implant Nexplanon nan bra w oswa yon apar\u00e8y intrauterin (IUD)? Nou ka f\u00e8 sa tou!<\/p>\n\n\n\n<div class=\"wp-block-uagb-marketing-button uagb-marketing-btn__align-center uagb-marketing-btn__align-text-center uagb-marketing-btn__icon-after uagb-block-ab05562e wp-block-button\"><a href=\"#form-section\" class=\"uagb-marketing-btn__link wp-block-button__link\" target=\"\" rel=\"noopener noreferrer\"><span class=\"uagb-marketing-btn__title\">Pran randevou w <\/span><\/a><\/div>\n<\/div><figure class=\"wp-block-media-text__media\"><img loading=\"lazy\" decoding=\"async\" width=\"771\" height=\"514\" src=\"https:\/\/path4you.org\/wp-content\/uploads\/2023\/10\/SameDay-Image-1-771x514.jpg\" alt=\"\" class=\"wp-image-3566 size-full\" srcset=\"https:\/\/path4you.org\/wp-content\/uploads\/2023\/10\/SameDay-Image-1-771x514.jpg 771w, https:\/\/path4you.org\/wp-content\/uploads\/2023\/10\/SameDay-Image-1-768x512.jpg 768w, https:\/\/path4you.org\/wp-content\/uploads\/2023\/10\/SameDay-Image-1-18x12.jpg 18w, https:\/\/path4you.org\/wp-content\/uploads\/2023\/10\/SameDay-Image-1.jpg 1440w\" sizes=\"auto, (max-width: 771px) 100vw, 771px\" \/><\/figure><\/div>\n\n\n\n<div class=\"wp-block-cover alignfull is-light\" style=\"min-height:50vh;aspect-ratio:unset;\"><span aria-hidden=\"true\" class=\"wp-block-cover__background has-purple-background-color has-background-dim-0 has-background-dim\"><\/span><img loading=\"lazy\" decoding=\"async\" width=\"1920\" height=\"540\" class=\"wp-block-cover__image-background wp-image-3840\" alt=\"\" src=\"https:\/\/path4you.org\/wp-content\/uploads\/2023\/11\/CTA-Module-Image.jpg\" data-object-fit=\"cover\" srcset=\"https:\/\/path4you.org\/wp-content\/uploads\/2023\/11\/CTA-Module-Image.jpg 1920w, https:\/\/path4you.org\/wp-content\/uploads\/2023\/11\/CTA-Module-Image-771x217.jpg 771w, https:\/\/path4you.org\/wp-content\/uploads\/2023\/11\/CTA-Module-Image-768x216.jpg 768w, https:\/\/path4you.org\/wp-content\/uploads\/2023\/11\/CTA-Module-Image-1536x432.jpg 1536w, https:\/\/path4you.org\/wp-content\/uploads\/2023\/11\/CTA-Module-Image-18x5.jpg 18w\" sizes=\"auto, (max-width: 1920px) 100vw, 1920px\" \/><div class=\"wp-block-cover__inner-container is-layout-flow wp-block-cover-is-layout-flow\">\n<div class=\"wp-block-uagb-advanced-heading uagb-block-d3bc1086\"><h2 class=\"uagb-heading-text\">Pare pou pran kontw\u00f2l<br>kontw\u00f2l nesans ou a?<\/h2><\/div>\n\n\n\n<div class=\"wp-block-uagb-marketing-button uagb-marketing-btn__align-center uagb-marketing-btn__align-text-center uagb-marketing-btn__icon-after uagb-block-a06b8cc4 wp-block-button\"><a href=\"http:\/\/path4you.org\/ht\/our-programs\/birth-control-explorer\/\" class=\"uagb-marketing-btn__link wp-block-button__link\" target=\"\" rel=\"noopener noreferrer\"><span class=\"uagb-marketing-btn__title\">K\u00f2manse<\/span><\/a><\/div>\n<\/div><\/div>","protected":false},"excerpt":{"rendered":"","protected":false},"author":2,"featured_media":0,"parent":120,"menu_order":0,"comment_status":"closed","ping_status":"closed","template":"","meta":{"_acf_changed":false,"inline_featured_image":false,"_uag_custom_page_level_css":"","footnotes":""},"class_list":["post-452","page","type-page","status-publish","hentry"],"acf":[],"uagb_featured_image_src":{"full":false,"thumbnail":false,"medium":false,"medium_large":false,"large":false,"1536x1536":false,"2048x2048":false,"trp-custom-language-flag":false,"gform-image-choice-sm":false,"gform-image-choice-md":false,"gform-image-choice-lg":false},"uagb_author_info":{"display_name":"Cornershop Creative","author_link":"https:\/\/path4you.org\/ht\/author\/cornershop\/"},"uagb_comment_info":0,"uagb_excerpt":null,"_links":{"self":[{"href":"https:\/\/path4you.org\/ht\/wp-json\/wp\/v2\/pages\/452","targetHints":{"allow":["GET"]}}],"collection":[{"href":"https:\/\/path4you.org\/ht\/wp-json\/wp\/v2\/pages"}],"about":[{"href":"https:\/\/path4you.org\/ht\/wp-json\/wp\/v2\/types\/page"}],"author":[{"embeddable":true,"href":"https:\/\/path4you.org\/ht\/wp-json\/wp\/v2\/users\/2"}],"replies":[{"embeddable":true,"href":"https:\/\/path4you.org\/ht\/wp-json\/wp\/v2\/comments?post=452"}],"version-history":[{"count":49,"href":"https:\/\/path4you.org\/ht\/wp-json\/wp\/v2\/pages\/452\/revisions"}],"predecessor-version":[{"id":4023,"href":"https:\/\/path4you.org\/ht\/wp-json\/wp\/v2\/pages\/452\/revisions\/4023"}],"up":[{"embeddable":true,"href":"https:\/\/path4you.org\/ht\/wp-json\/wp\/v2\/pages\/120"}],"wp:attachment":[{"href":"https:\/\/path4you.org\/ht\/wp-json\/wp\/v2\/media?parent=452"}],"curies":[{"name":"wp","href":"https:\/\/api.w.org\/{rel}","templated":true}]}}