{"id":2635,"date":"2022-10-10T13:17:02","date_gmt":"2022-10-10T17:17:02","guid":{"rendered":"http:\/\/path4you.org\/?page_id=2635"},"modified":"2025-09-11T14:33:11","modified_gmt":"2025-09-11T18:33:11","slug":"prescription-faqs","status":"publish","type":"page","link":"https:\/\/path4you.org\/ht\/prescription-faqs\/","title":{"rendered":"FAQ sou preskripsyon"},"content":{"rendered":"<div class=\"wp-block-cover alignfull is-light has-custom-content-position is-position-center-right\" style=\"min-height:80vh;aspect-ratio:unset;\"><span aria-hidden=\"true\" class=\"wp-block-cover__background has-background-dim-0 has-background-dim has-background-gradient\" style=\"background:linear-gradient(90deg,rgba(133,32,101,0.6975) 51.76%,rgba(107,174,128,0.525) 89.36%)\"><\/span><img loading=\"lazy\" decoding=\"async\" width=\"1920\" height=\"1080\" class=\"wp-block-cover__image-background wp-image-3551\" alt=\"\" src=\"https:\/\/path4you.org\/wp-content\/uploads\/2023\/10\/PrescriptionFAQs-Image.jpg\" style=\"object-position:27% 4%\" data-object-fit=\"cover\" data-object-position=\"27% 4%\" srcset=\"https:\/\/path4you.org\/wp-content\/uploads\/2023\/10\/PrescriptionFAQs-Image.jpg 1920w, https:\/\/path4you.org\/wp-content\/uploads\/2023\/10\/PrescriptionFAQs-Image-771x434.jpg 771w, https:\/\/path4you.org\/wp-content\/uploads\/2023\/10\/PrescriptionFAQs-Image-768x432.jpg 768w, https:\/\/path4you.org\/wp-content\/uploads\/2023\/10\/PrescriptionFAQs-Image-1536x864.jpg 1536w, https:\/\/path4you.org\/wp-content\/uploads\/2023\/10\/PrescriptionFAQs-Image-18x10.jpg 18w\" sizes=\"auto, (max-width: 1920px) 100vw, 1920px\" \/><div class=\"wp-block-cover__inner-container is-layout-flow wp-block-cover-is-layout-flow\">\n<h2 class=\"wp-block-heading padding-right-heading has-white-color has-text-color has-huge-font-size\">FAQ sou preskripsyon<\/h2>\n<\/div><\/div>\n\n\n\n<div style=\"height:40px\" aria-hidden=\"true\" class=\"wp-block-spacer\"><\/div>\n\n\n\n<div class=\"wp-block-columns is-layout-flex wp-container-core-columns-is-layout-9d6595d7 wp-block-columns-is-layout-flex\">\n<div class=\"wp-block-column is-layout-flow wp-block-column-is-layout-flow\" style=\"flex-basis:15%\"><\/div>\n\n\n\n<div class=\"wp-block-column is-layout-flow wp-block-column-is-layout-flow\" style=\"flex-basis:70%\">\t\t\t<div id=\"faqs-block_ea931b9ef04bf3b387c9900fade4a4d3\" class=\"faqs\" role=\"tablist\" aria-multiselectable=\"true\">\n\t\t\t\n\t\t\t\t<div class=\"item\" data-status=\"contracted\">\n\t\t\t\t\t<div class=\"target\" role=\"tab\" aria-expanded=\"false\" id=\"faqs-block_ea931b9ef04bf3b387c9900fade4a4d3-how-do-i-use-the-pharmacyvoucher\">\n\t\t\t\t\t\tKouman pou mwen itilize koupon famasi a? <div class=\"target-icon\" aria-hidden=\"true\"><span><\/span><\/div>\n\t\t\t\t\t<\/div>\n\t\t\t\t\t<div class=\"panel\" role=\"tabpanel\" aria-hidden=\"true\" aria-labelledby=\"faqs-block_ea931b9ef04bf3b387c9900fade4a4d3-how-do-i-use-the-pharmacyvoucher\">\n\t\t\t\t\t\t<div class=\"panel-content\">\n\t\t\t\t\t\t\t<p>N ap voye preskripsyon w lan nan famasi ou chwazi a (nou rive jwenn plis pase 1000 famasi!) epi n ap voye yon bon ak non w, dat nesans ou, ak preskripsyon w lan pa im\u00e8l ba ou. Ou ka itilize bon sa a elektwonikman (montre yo telef\u00f2n ou) oswa enprime li. Montre bon an nan famasi a l\u00e8 w ap pran kontraseptif ou a. Si ou vle itilize asirans ou anplis bon an, f\u00e8 famasi a konnen. Si ou pa vle itilize asirans ou, oswa ou pa gen asirans, ou ka itilize bon an pou kouvri tout pri a. De tout fason, ou pa ta dwe oblije peye pou okenn preskripsyon nou voye ba ou. W ap s\u00e8lman bezwen prezante bon an premye fwa ou pran preskripsyon ou an.<\/p>\n\t\t\t\t\t\t<\/div>\n\t\t\t\t\t<\/div>\n\t\t\t\t<\/div>\n\n\t\t\t\n\t\t\t\t<div class=\"item\" data-status=\"contracted\">\n\t\t\t\t\t<div class=\"target\" role=\"tab\" aria-expanded=\"false\" id=\"faqs-block_ea931b9ef04bf3b387c9900fade4a4d3-do-i-need-an-appointment-for-refills\">\n\t\t\t\t\t\t\u00c8ske mwen bezwen yon randevou pou renouv\u00e8lman medikaman? <div class=\"target-icon\" aria-hidden=\"true\"><span><\/span><\/div>\n\t\t\t\t\t<\/div>\n\t\t\t\t\t<div class=\"panel\" role=\"tabpanel\" aria-hidden=\"true\" aria-labelledby=\"faqs-block_ea931b9ef04bf3b387c9900fade4a4d3-do-i-need-an-appointment-for-refills\">\n\t\t\t\t\t\t<div class=\"panel-content\">\n\t\t\t\t\t\t\t<p>Non! Si w resevwa preskripsyon w nan famasi ki f\u00e8 k\u00f2mann pa lap\u00f2s CarePoint, w ap enskri otomatikman nan renouv\u00e8lman medikaman yo. Dis jou anvan yo voye renouv\u00e8lman an pa lap\u00f2s ba ou, w ap resevwa yon t\u00e8ks ki konfime ou toujou vle renouv\u00e8lman an. Senpleman konfime ou ta renmen renouv\u00e8lman an, epi li pral poste ba ou. Si w jwenn preskripsyon w nan CVS, ou ka enskri pou renouv\u00e8lman medikaman otomatik nan famasi a epi ale ch\u00e8che yo l\u00e8 sa neses\u00e8. Si ou janm vle chanje met\u00f2d ou oswa kalite grenn ou, f\u00e8 yon vizit vity\u00e8l ak youn nan founis\u00e8 nou yo epi nou ka anile preskripsyon anvan an epi bay yon nouvo. Si w gen NENP\u00d2T pwobl\u00e8m ak renouv\u00e8lman ou yo, tanpri voye yon im\u00e8l ba nou nan <a href=\"mailto:path4you@iu.edu\">path4you@iu.edu<\/a> oswa ou ka kontakte CarePoint dir\u00e8kteman nan 855.237.9112.<\/p>\n<p>Ou ka bezwen yon randevou apre yon ane preskripsyon. Si w pa nan preskripsyon w lan epi sa f\u00e8 yon ane depi randevou w la, tanpri voye yon im\u00e8l ba nou nan <a href=\"mailto:path4you@iu.edu\">path4you@iu.edu<\/a>.<\/p>\n\t\t\t\t\t\t<\/div>\n\t\t\t\t\t<\/div>\n\t\t\t\t<\/div>\n\n\t\t\t\n\t\t\t\t<div class=\"item\" data-status=\"contracted\">\n\t\t\t\t\t<div class=\"target\" role=\"tab\" aria-expanded=\"false\" id=\"faqs-block_ea931b9ef04bf3b387c9900fade4a4d3-what-if-carepoint-or-my-pharmacy-asks-me-for-my-insurance\">\n\t\t\t\t\t\tE si CarePoint oswa famasi mwen an mande m asirans mwen an? <div class=\"target-icon\" aria-hidden=\"true\"><span><\/span><\/div>\n\t\t\t\t\t<\/div>\n\t\t\t\t\t<div class=\"panel\" role=\"tabpanel\" aria-hidden=\"true\" aria-labelledby=\"faqs-block_ea931b9ef04bf3b387c9900fade4a4d3-what-if-carepoint-or-my-pharmacy-asks-me-for-my-insurance\">\n\t\t\t\t\t\t<div class=\"panel-content\">\n\t\t\t\t\t\t\t<p>Desizyon an pou itilize asirans se totalman sou ou epi li pa obligatwa. Si w chwazi itilize asirans, yo pral voye b\u00f2dwo w la an premye epi PATH4YOU pral kouvri r\u00e8s b\u00f2dwo a. Si ou pa vle s\u00e8vi ak asirans ou, oswa ou pa gen okenn, nou pral kouvri tout pri a. Si w gen nenp\u00f2t pwobl\u00e8m ak kondisyon pou enf\u00f2masyon sou asirans ou tanpri kontakte nou nan <a href=\"mailto:path4you@iu.edu\">path4you@iu.edu.<\/a> Ou kapab rele CarePoint dir\u00e8kteman nan 855.237.9112 epi di yo ou se yon pasyan PATH4YOU epi ou chwazi pou pa itilize asirans.<\/p>\n\t\t\t\t\t\t<\/div>\n\t\t\t\t\t<\/div>\n\t\t\t\t<\/div>\n\n\t\t\t\n\t\t\t\t<div class=\"item\" data-status=\"contracted\">\n\t\t\t\t\t<div class=\"target\" role=\"tab\" aria-expanded=\"false\" id=\"faqs-block_ea931b9ef04bf3b387c9900fade4a4d3-how-will-i-know-if-my-carepoint-prescription-is-coming\">\n\t\t\t\t\t\tKouman pou m konnen si preskripsyon CarePoint mwen an ap vini? <div class=\"target-icon\" aria-hidden=\"true\"><span><\/span><\/div>\n\t\t\t\t\t<\/div>\n\t\t\t\t\t<div class=\"panel\" role=\"tabpanel\" aria-hidden=\"true\" aria-labelledby=\"faqs-block_ea931b9ef04bf3b387c9900fade4a4d3-how-will-i-know-if-my-carepoint-prescription-is-coming\">\n\t\t\t\t\t\t<div class=\"panel-content\">\n\t\t\t\t\t\t\t<p>Ou ap resevwa yon t\u00e8ks nan men CarePoint nan 48 \u00e8dtan apre randevou ou a k ap mande w pou w konfime adr\u00e8s ou ak enf\u00f2masyon ou yo. Ou dwe konfime enf\u00f2masyon sa yo, epi apre sa CarePoint ap voye yon t\u00e8ks ba ou pou f\u00e8 w konnen kil\u00e8 preskripsyon w lan ap anbake. Si ou pa resevwa yon t\u00e8ks, tanpri voye yon im\u00e8l ba nou nan <a href=\"mailto:path4you@iu.edu\">path4you@iu.edu<\/a> oubyen rele CarePoint dir\u00e8kteman nan 855.237.9112<\/p>\n\t\t\t\t\t\t<\/div>\n\t\t\t\t\t<\/div>\n\t\t\t\t<\/div>\n\n\t\t\t\n\t\t\t\t<div class=\"item\" data-status=\"contracted\">\n\t\t\t\t\t<div class=\"target\" role=\"tab\" aria-expanded=\"false\" id=\"faqs-block_ea931b9ef04bf3b387c9900fade4a4d3-what-if-my-information-date-of-birth-or-zip-code-isnt-working-for-the-carepoint-text-when-i-try-to-confirm-my-information\">\n\t\t\t\t\t\tE si enf\u00f2masyon mwen yo (dat nesans oswa k\u00f2d postal) pa fonksyone pou t\u00e8ks CarePoint la l\u00e8 mwen eseye konfime enf\u00f2masyon mwen an? <div class=\"target-icon\" aria-hidden=\"true\"><span><\/span><\/div>\n\t\t\t\t\t<\/div>\n\t\t\t\t\t<div class=\"panel\" role=\"tabpanel\" aria-hidden=\"true\" aria-labelledby=\"faqs-block_ea931b9ef04bf3b387c9900fade4a4d3-what-if-my-information-date-of-birth-or-zip-code-isnt-working-for-the-carepoint-text-when-i-try-to-confirm-my-information\">\n\t\t\t\t\t\t<div class=\"panel-content\">\n\t\t\t\t\t\t\t<p>Tanpri rele CarePoint nan 855.237.9112. Ou ka verifye enf\u00f2masyon av\u00e8k yo dir\u00e8kteman.<\/p>\n\t\t\t\t\t\t<\/div>\n\t\t\t\t\t<\/div>\n\t\t\t\t<\/div>\n\n\t\t\t\n\t\t\t\t<div class=\"item\" data-status=\"contracted\">\n\t\t\t\t\t<div class=\"target\" role=\"tab\" aria-expanded=\"false\" id=\"faqs-block_ea931b9ef04bf3b387c9900fade4a4d3-can-i-get-plan-b-the-morning-after-pill-or-emergency-contraception-if-i-also-get-another-birth-control-method\">\n\t\t\t\t\t\t\u00c8ske mwen ka jwenn Plan B (grenn denmen maten oswa kontrasepsyon ijans) si mwen jwenn yon l\u00f2t met\u00f2d kontw\u00f2l nesans tou? <div class=\"target-icon\" aria-hidden=\"true\"><span><\/span><\/div>\n\t\t\t\t\t<\/div>\n\t\t\t\t\t<div class=\"panel\" role=\"tabpanel\" aria-hidden=\"true\" aria-labelledby=\"faqs-block_ea931b9ef04bf3b387c9900fade4a4d3-can-i-get-plan-b-the-morning-after-pill-or-emergency-contraception-if-i-also-get-another-birth-control-method\">\n\t\t\t\t\t\t<div class=\"panel-content\">\n\t\t\t\t\t\t\t<p>WI! Nou kontan bay yon preskripsyon pou Plan B (grenn demen maten an oswa kontrasepsyon ijans) ansanm ak nenp\u00f2t l\u00f2t met\u00f2d. Oswa ou ka jwenn k\u00e8k atrav\u00e8 nou an. <a href=\"https:\/\/path4you.org\/ht\/free-emergency-contraception\/\">Pwogram EC GRATIS<\/a>!<\/p>\n\t\t\t\t\t\t<\/div>\n\t\t\t\t\t<\/div>\n\t\t\t\t<\/div>\n\n\t\t\t\n\t\t\t\t<div class=\"item\" data-status=\"contracted\">\n\t\t\t\t\t<div class=\"target\" role=\"tab\" aria-expanded=\"false\" id=\"faqs-block_ea931b9ef04bf3b387c9900fade4a4d3-can-i-use-the-cvs-voucher-to-buy-over-the-counter-plan-b-the-morning-after-pill-or-emergency-contraception-or-other-related-over-the-counter-items\">\n\t\t\t\t\t\t\u00c8ske mwen ka itilize bon CVS pou achte Plan B san preskripsyon (grenn maten an oswa kontrasepsyon ijans) oswa l\u00f2t atik ki gen rap\u00f2 ak san preskripsyon? <div class=\"target-icon\" aria-hidden=\"true\"><span><\/span><\/div>\n\t\t\t\t\t<\/div>\n\t\t\t\t\t<div class=\"panel\" role=\"tabpanel\" aria-hidden=\"true\" aria-labelledby=\"faqs-block_ea931b9ef04bf3b387c9900fade4a4d3-can-i-use-the-cvs-voucher-to-buy-over-the-counter-plan-b-the-morning-after-pill-or-emergency-contraception-or-other-related-over-the-counter-items\">\n\t\t\t\t\t\t<div class=\"panel-content\">\n\t\t\t\t\t\t\t<p>Non, bon an pa kouvri bagay ki pa te preskri. MEN nou kontan preskri Plan B oswa l\u00f2t atik ki pa vann san preskripsyon tankou kap\u00f2t, t\u00e8s gwos\u00e8s, ak plis ank\u00f2 pou ou\u2014jis f\u00e8 founis\u00e8 klinik la konnen pandan vizit ou a ke w ap mande sa yo.<\/p>\n\t\t\t\t\t\t<\/div>\n\t\t\t\t\t<\/div>\n\t\t\t\t<\/div>\n\n\t\t\t\n\t\t\t\t<div class=\"item\" data-status=\"contracted\">\n\t\t\t\t\t<div class=\"target\" role=\"tab\" aria-expanded=\"false\" id=\"faqs-block_ea931b9ef04bf3b387c9900fade4a4d3-how-do-i-know-if-my-cvs-or-pharmacy-accepts-my-voucher\">\n\t\t\t\t\t\tKouman mwen ka konnen si CVS mwen an oswa famasi mwen an aksepte bon mwen an? <div class=\"target-icon\" aria-hidden=\"true\"><span><\/span><\/div>\n\t\t\t\t\t<\/div>\n\t\t\t\t\t<div class=\"panel\" role=\"tabpanel\" aria-hidden=\"true\" aria-labelledby=\"faqs-block_ea931b9ef04bf3b387c9900fade4a4d3-how-do-i-know-if-my-cvs-or-pharmacy-accepts-my-voucher\">\n\t\t\t\t\t\t<div class=\"panel-content\">\n\t\t\t\t\t\t\t<p>TOUT magazen CVS nan Indiana ap aksepte koupon ou an. Epi, PIF\u00d2 l\u00f2t famasi yo f\u00e8 sa tou. Nou gen patenarya ak plis pase 1,000 famasi nan Indiana. Si w ap mande si famasi w la kouvri, voye yon im\u00e8l ba nou epi mande!<\/p>\n<p>Si yon famasyen pa konnen kijan pou trete bon an oswa li di yo pa ka aksepte li, rete nan magazen an epi rele nou nan 317-278-7284 oswa voye yon im\u00e8l ba nou nan <a href=\"mailto:path4you@iu.edu\">path4you@iu.edu<\/a>, Nou ka anjeneral kl\u00e8 pwobl\u00e8m nan dwa l\u00e8 sa a.<\/p>\n\t\t\t\t\t\t<\/div>\n\t\t\t\t\t<\/div>\n\t\t\t\t<\/div>\n\n\t\t\t\n\t\t\t\t<div class=\"item\" data-status=\"contracted\">\n\t\t\t\t\t<div class=\"target\" role=\"tab\" aria-expanded=\"false\" id=\"faqs-block_ea931b9ef04bf3b387c9900fade4a4d3-what-if-i-dont-like-the-birth-control-method-i-get\">\n\t\t\t\t\t\tE si mwen pa renmen met\u00f2d kontw\u00f2l nesans mwen jwenn? <div class=\"target-icon\" aria-hidden=\"true\"><span><\/span><\/div>\n\t\t\t\t\t<\/div>\n\t\t\t\t\t<div class=\"panel\" role=\"tabpanel\" aria-hidden=\"true\" aria-labelledby=\"faqs-block_ea931b9ef04bf3b387c9900fade4a4d3-what-if-i-dont-like-the-birth-control-method-i-get\">\n\t\t\t\t\t\t<div class=\"panel-content\">\n\t\t\t\t\t\t\t<p>Vin w\u00e8 nou ank\u00f2, swa n\u00f2malman oswa an p\u00e8s\u00f2n. Pa gen limit nan konbyen fwa ou ka gen yon vizit av\u00e8k nou. Nou vle ede w jwenn bon met\u00f2d pou ou.  Pran yon l\u00f2t randevou nan: <a href=\"https:\/\/path4you.org\/ht\/schedule-appointment\/\">path4you.org\/schedule-appointment\/<\/a><\/p>\n\t\t\t\t\t\t<\/div>\n\t\t\t\t\t<\/div>\n\t\t\t\t<\/div>\n\n\t\t\t\t\t<\/div>\n\t<\/div>\n\n\n\n<div class=\"wp-block-column is-layout-flow wp-block-column-is-layout-flow\" style=\"flex-basis:15%\"><\/div>\n<\/div>\n\n\n\n<div class=\"wp-block-cover alignfull is-light\" style=\"min-height:50vh;aspect-ratio:unset;\"><span aria-hidden=\"true\" class=\"wp-block-cover__background has-purple-background-color has-background-dim-0 has-background-dim\"><\/span><img loading=\"lazy\" decoding=\"async\" width=\"1920\" height=\"540\" class=\"wp-block-cover__image-background wp-image-3840\" alt=\"\" src=\"https:\/\/path4you.org\/wp-content\/uploads\/2023\/11\/CTA-Module-Image.jpg\" data-object-fit=\"cover\" srcset=\"https:\/\/path4you.org\/wp-content\/uploads\/2023\/11\/CTA-Module-Image.jpg 1920w, https:\/\/path4you.org\/wp-content\/uploads\/2023\/11\/CTA-Module-Image-771x217.jpg 771w, https:\/\/path4you.org\/wp-content\/uploads\/2023\/11\/CTA-Module-Image-768x216.jpg 768w, https:\/\/path4you.org\/wp-content\/uploads\/2023\/11\/CTA-Module-Image-1536x432.jpg 1536w, https:\/\/path4you.org\/wp-content\/uploads\/2023\/11\/CTA-Module-Image-18x5.jpg 18w\" sizes=\"auto, (max-width: 1920px) 100vw, 1920px\" \/><div class=\"wp-block-cover__inner-container is-layout-flow wp-block-cover-is-layout-flow\">\n<div class=\"wp-block-uagb-advanced-heading uagb-block-d3bc1086\"><h2 class=\"uagb-heading-text\">Pare pou pran kontw\u00f2l<br>kontw\u00f2l nesans ou a?<\/h2><\/div>\n\n\n\n<div class=\"wp-block-uagb-marketing-button uagb-marketing-btn__align-center uagb-marketing-btn__align-text-center uagb-marketing-btn__icon-after uagb-block-a06b8cc4 wp-block-button\"><a href=\"http:\/\/path4you.org\/ht\/our-programs\/birth-control-explorer\/\" class=\"uagb-marketing-btn__link wp-block-button__link\" target=\"\" rel=\"noopener noreferrer\"><span class=\"uagb-marketing-btn__title\">K\u00f2manse<\/span><\/a><\/div>\n<\/div><\/div>","protected":false},"excerpt":{"rendered":"","protected":false},"author":7,"featured_media":0,"parent":0,"menu_order":0,"comment_status":"closed","ping_status":"closed","template":"","meta":{"_acf_changed":false,"inline_featured_image":false,"_uag_custom_page_level_css":"","footnotes":""},"class_list":["post-2635","page","type-page","status-publish","hentry"],"acf":[],"uagb_featured_image_src":{"full":false,"thumbnail":false,"medium":false,"medium_large":false,"large":false,"1536x1536":false,"2048x2048":false,"trp-custom-language-flag":false,"gform-image-choice-sm":false,"gform-image-choice-md":false,"gform-image-choice-lg":false},"uagb_author_info":{"display_name":"Kathleen Wendholt","author_link":"https:\/\/path4you.org\/ht\/author\/kathleen\/"},"uagb_comment_info":0,"uagb_excerpt":null,"_links":{"self":[{"href":"https:\/\/path4you.org\/ht\/wp-json\/wp\/v2\/pages\/2635","targetHints":{"allow":["GET"]}}],"collection":[{"href":"https:\/\/path4you.org\/ht\/wp-json\/wp\/v2\/pages"}],"about":[{"href":"https:\/\/path4you.org\/ht\/wp-json\/wp\/v2\/types\/page"}],"author":[{"embeddable":true,"href":"https:\/\/path4you.org\/ht\/wp-json\/wp\/v2\/users\/7"}],"replies":[{"embeddable":true,"href":"https:\/\/path4you.org\/ht\/wp-json\/wp\/v2\/comments?post=2635"}],"version-history":[{"count":31,"href":"https:\/\/path4you.org\/ht\/wp-json\/wp\/v2\/pages\/2635\/revisions"}],"predecessor-version":[{"id":4460,"href":"https:\/\/path4you.org\/ht\/wp-json\/wp\/v2\/pages\/2635\/revisions\/4460"}],"wp:attachment":[{"href":"https:\/\/path4you.org\/ht\/wp-json\/wp\/v2\/media?parent=2635"}],"curies":[{"name":"wp","href":"https:\/\/api.w.org\/{rel}","templated":true}]}}