{"id":2127,"date":"2022-09-23T11:30:11","date_gmt":"2022-09-23T15:30:11","guid":{"rendered":"http:\/\/path4you.org\/?page_id=2127"},"modified":"2025-10-15T15:08:47","modified_gmt":"2025-10-15T19:08:47","slug":"schedule-appointment","status":"publish","type":"page","link":"https:\/\/path4you.org\/ht\/schedule-appointment\/","title":{"rendered":"Pran randevou w"},"content":{"rendered":"\n<div class=\"wp-block-uagb-container uagb-block-e9e531d4 alignfull uagb-is-root-container\">\n<div class=\"wp-block-uagb-container uagb-block-48a774e3\">\n<div class=\"wp-block-uagb-advanced-heading uagb-block-b7312ded hero-heading\" id=\"hero-heading\"><h1 class=\"uagb-heading-text\">Birth Control That<br>Puts You In Control.<\/h1><\/div>\n\n\n\n<div class=\"wp-block-uagb-container uagb-block-69463ab3\">\n<div class=\"wp-block-uagb-buttons uagb-buttons__outer-wrap uagb-btn__default-btn uagb-btn-tablet__default-btn uagb-btn-mobile__default-btn uagb-block-c2d4747d\"><div class=\"uagb-buttons__wrap uagb-buttons-layout-wrap \">\n<div class=\"wp-block-uagb-buttons-child uagb-buttons__outer-wrap uagb-block-5ecc55c4 wp-block-button is-style-outline lp-hero-button\"><div class=\"uagb-button__wrapper\"><a class=\"uagb-buttons-repeater wp-block-button__link\" aria-label=\"\" href=\"#form-section\" rel=\"follow noopener\" target=\"_self\" role=\"button\"><div class=\"uagb-button__link\">Schedule Your <br>Appointment<\/div><\/a><\/div><\/div>\n<\/div><\/div>\n<\/div>\n<\/div>\n<\/div>\n\n\n\n<div id=\"form-section\" class=\"wp-block-uagb-container uagb-block-c5abc28c alignfull uagb-is-root-container\">\n<div class=\"wp-block-uagb-advanced-heading uagb-block-420ae157\"><h2 class=\"uagb-heading-text\">Ready to get started on the right PATH4YOU?<\/h2><p class=\"uagb-desc-text\">Tell us a little about yourself so we can point you in the right direction. <br>If you have concerns regarding confidentiality and booking an appointment with PATH4YOU, please call or text us to schedule your appointment. <\/p><\/div>\n\n\n\n<div class=\"wp-block-uagb-advanced-heading uagb-block-50d1768f\" style=\"display: flex; justify-content: center;\"><p class=\"uagb-desc-text\" style=\"display: inline-block; background: #f9f9f9; color: #1e4870; padding: 8px 14px; border-left: 4px solid #6bae80; border-radius: 6px; font-weight: 500; text-align: center;\">If you are an existing PATH4YOU patient that needs a refill, click <a style=\"color: #fff; background-color: #6bae80; padding: 4px 10px; border-radius: 4px; font-weight: 600; text-decoration: none;\" href=\"https:\/\/iu.co1.qualtrics.com\/jfe\/form\/SV_bd9BQTwOt3ur91Y\" target=\"_blank\" rel=\"noreferrer noopener\">here<\/a><\/p><\/div>\n\n\n\n<script>\n  if (typeof hasAmeliaAppointment === 'undefined') {\n    var hasAmeliaAppointment = true;\n  }\n  if (typeof hasAppointmentApiCall === 'undefined' && '' === '') {\n    var hasAppointmentApiCall = true;\n  }\n  var hasBookingShortcode = (typeof hasBookingShortcode === 'undefined') ? false : true;\n  var bookingEntitiesIds = (typeof bookingEntitiesIds === 'undefined') ? [] : bookingEntitiesIds;\n  bookingEntitiesIds.push(\n    {\n      'hasApiCall': (typeof hasAppointmentApiCall !== 'undefined') && hasAppointmentApiCall,\n      'trigger': '',\n      'show': '',\n      'counter': '0',\n      'category': '',\n      'service': '',\n      'employee': '',\n      'location': ''\n    }\n  );\n  var lazyBookingEntitiesIds = (typeof lazyBookingEntitiesIds === 'undefined') ? [] : lazyBookingEntitiesIds;\n  if (bookingEntitiesIds[bookingEntitiesIds.length - 1].trigger !== '') {\n    lazyBookingEntitiesIds.push(bookingEntitiesIds.pop());\n  }\n  if (typeof hasAppointmentApiCall !== 'undefined' && hasAppointmentApiCall) {\n    hasAppointmentApiCall = false;\n  }\n<\/script>\n\n<div id=\"amelia-app-booking0\" class=\"amelia-booking amelia-frontend amelia-app-booking\">\n  <booking id=\"amelia-step-booking0\"><\/booking>\n<\/div>\n\n<\/div>\n\n\n\n<div class=\"wp-block-uagb-container uagb-block-877c2077 alignfull uagb-is-root-container\">\n<div class=\"wp-block-uagb-advanced-heading uagb-block-0103a86e\"><h2 class=\"uagb-heading-text\">PATH4YOU provides <span style=\"color:#7a2963;\">FREE<\/span> birth control across Indiana with no cost, no hassle, and no judgment.<\/h2><\/div>\n\n\n\n<div class=\"wp-block-uagb-advanced-heading uagb-block-426491e7\"><h3 class=\"uagb-heading-text\">No matter what you choose, it&#8217;s all free.<\/h3><p class=\"uagb-desc-text\">From natural family planning to long-acting reversible contraception (like intrauterine devices and arm implants) \u2013 when it comes to birth control, the decision is yours.<\/p><\/div>\n\n\n\n<div class=\"wp-block-uagb-advanced-heading uagb-block-caa6fea1\"><h3 class=\"uagb-heading-text\">No hassle.<\/h3><p class=\"uagb-desc-text\">And the best part \u2013 we\u2019re here when you need us! Take control of your<br>reproductive healthcare anywhere, anytime, 24\/7!<\/p><\/div>\n\n\n\n<div class=\"wp-block-uagb-advanced-heading uagb-block-7e3a66fb\"><h3 class=\"uagb-heading-text\">No judgment.<\/h3><p class=\"uagb-desc-text\">No matter what you choose, PATH4YOU can provide birth control focused<br>around your values, and your needs.<\/p><\/div>\n\n\n\n<div class=\"wp-block-uagb-marketing-button uagb-marketing-btn__align-center uagb-marketing-btn__align-text-center uagb-marketing-btn__icon-after uagb-block-33578488 wp-block-button\" id=\"lp-button\"><a href=\"#form-section\" class=\"uagb-marketing-btn__link wp-block-button__link\" target=\"\" rel=\"noopener noreferrer\"><span class=\"uagb-marketing-btn__title\">Schedule Your Appointment <\/span><\/a><\/div>\n<\/div>\n\n\n\n<div class=\"wp-block-uagb-container uagb-block-c19d9428 alignfull uagb-is-root-container\">\n<div class=\"wp-block-uagb-advanced-heading uagb-block-04e94425\"><h2 class=\"uagb-heading-text\">How does it work?<\/h2><\/div>\n\n\n\n<div class=\"wp-block-columns is-layout-flex wp-container-core-columns-is-layout-9d6595d7 wp-block-columns-is-layout-flex\">\n<div class=\"wp-block-column is-layout-flow wp-block-column-is-layout-flow\">\n<div class=\"wp-block-uagb-image aligncenter uagb-block-c285a355 wp-block-uagb-image--layout-default wp-block-uagb-image--effect-static wp-block-uagb-image--align-center\"><figure class=\"wp-block-uagb-image__figure\"><img decoding=\"async\" srcset=\"https:\/\/path4you.org\/wp-content\/uploads\/2022\/09\/P4Y_LandingPageIcons-Step1.png \" sizes=\"auto, (max-width: 480px) 150px\" src=\"https:\/\/path4you.org\/wp-content\/uploads\/2022\/09\/P4Y_LandingPageIcons-Step1.png\" alt=\"\" class=\"uag-image-2253\" width=\"199\" height=\"191\" title=\"\" loading=\"lazy\" role=\"img\"\/><\/figure><\/div>\n\n\n\n<div class=\"wp-block-uagb-advanced-heading uagb-block-5bd71312\"><h3 class=\"uagb-heading-text\"><a href=\"#form-section\" rel=\"nofollow\">Schedule an appointment<\/a><\/h3><\/div>\n\n\n\n<div class=\"wp-block-uagb-container uagb-block-4b58f256\">\n<div class=\"wp-block-uagb-advanced-heading uagb-block-c850b82c\"><h2 class=\"uagb-heading-text\"><strong>Step 1:<\/strong><\/h2><p class=\"uagb-desc-text\">Schedule an appointment. Free in-person or virtual visit appointments available in Indiana.<\/p><\/div>\n<\/div>\n<\/div>\n\n\n\n<div class=\"wp-block-column is-layout-flow wp-block-column-is-layout-flow\">\n<div class=\"wp-block-uagb-image aligncenter uagb-block-9913cef5 wp-block-uagb-image--layout-default wp-block-uagb-image--effect-static wp-block-uagb-image--align-center\"><figure class=\"wp-block-uagb-image__figure\"><img decoding=\"async\" srcset=\"https:\/\/path4you.org\/wp-content\/uploads\/2022\/09\/P4Y_LandingPageIcons-Step2.png \" sizes=\"auto, (max-width: 480px) 150px\" src=\"https:\/\/path4you.org\/wp-content\/uploads\/2022\/09\/P4Y_LandingPageIcons-Step2.png\" alt=\"\" class=\"uag-image-2254\" width=\"199\" height=\"191\" title=\"\" loading=\"lazy\" role=\"img\"\/><\/figure><\/div>\n\n\n\n<div class=\"wp-block-uagb-advanced-heading uagb-block-d5cb8c36\"><h3 class=\"uagb-heading-text\">Explore your <br> options<\/h3><\/div>\n\n\n\n<div class=\"wp-block-uagb-container uagb-block-dbad5e39\">\n<div class=\"wp-block-uagb-advanced-heading uagb-block-69005f4e\"><h2 class=\"uagb-heading-text\"><strong>Step 2:<\/strong><\/h2><p class=\"uagb-desc-text\">Your appointment confirmation message will include a link to our <u><strong><a href=\"http:\/\/path4you.org\/our-programs\/birth-control-explorer\/\">birth control explorer<\/a><\/strong><\/u> where you can learn about different birth control methods that you may be interested in.<\/p><\/div>\n<\/div>\n<\/div>\n\n\n\n<div class=\"wp-block-column is-layout-flow wp-block-column-is-layout-flow\">\n<div class=\"wp-block-uagb-image aligncenter uagb-block-dd208bd5 wp-block-uagb-image--layout-default wp-block-uagb-image--effect-static wp-block-uagb-image--align-center\"><figure class=\"wp-block-uagb-image__figure\"><img decoding=\"async\" srcset=\"https:\/\/path4you.org\/wp-content\/uploads\/2022\/09\/P4Y_LandingPageIcons-Step3.png \" sizes=\"auto, (max-width: 480px) 150px\" src=\"https:\/\/path4you.org\/wp-content\/uploads\/2022\/09\/P4Y_LandingPageIcons-Step3.png\" alt=\"\" class=\"uag-image-2255\" width=\"199\" height=\"191\" title=\"\" loading=\"lazy\" role=\"img\"\/><\/figure><\/div>\n\n\n\n<div class=\"wp-block-uagb-advanced-heading uagb-block-5fee35a1\"><h3 class=\"uagb-heading-text\">Attend your<br>appointment<\/h3><\/div>\n\n\n\n<div class=\"wp-block-uagb-container uagb-block-d5b1b925\">\n<div class=\"wp-block-uagb-advanced-heading uagb-block-6089d103\"><h2 class=\"uagb-heading-text\"><strong>Step 3:<\/strong><\/h2><p class=\"uagb-desc-text\">Attend your one-on-one appointment with a trusted clinical provider. Your visit will focus on you and what is important to you.<\/p><\/div>\n<\/div>\n<\/div>\n\n\n\n<div class=\"wp-block-column is-layout-flow wp-block-column-is-layout-flow\">\n<div class=\"wp-block-uagb-image aligncenter uagb-block-667e3689 wp-block-uagb-image--layout-default wp-block-uagb-image--effect-static wp-block-uagb-image--align-center\"><figure class=\"wp-block-uagb-image__figure\"><img decoding=\"async\" srcset=\"https:\/\/path4you.org\/wp-content\/uploads\/2022\/09\/P4Y_LandingPageIcons-Step4.png \" sizes=\"auto, (max-width: 480px) 150px\" src=\"https:\/\/path4you.org\/wp-content\/uploads\/2022\/09\/P4Y_LandingPageIcons-Step4.png\" alt=\"\" class=\"uag-image-2256\" width=\"199\" height=\"191\" title=\"\" loading=\"lazy\" role=\"img\"\/><\/figure><\/div>\n\n\n\n<div class=\"wp-block-uagb-advanced-heading uagb-block-b0442d4d\"><h3 class=\"uagb-heading-text\">Get your free<br>birth control<\/h3><\/div>\n\n\n\n<div class=\"wp-block-uagb-container uagb-block-bda7b6b6\">\n<div class=\"wp-block-uagb-advanced-heading uagb-block-cc184f93\"><h2 class=\"uagb-heading-text\"><strong>Step 4:<\/strong><\/h2><p class=\"uagb-desc-text\">After you have chosen your birth control method, you will receive the method that same day, or have it sent to a pharmacy near you or delivered to your home.<\/p><\/div>\n<\/div>\n<\/div>\n<\/div>\n\n\n\n<div style=\"height:0px\" aria-hidden=\"true\" class=\"wp-block-spacer\"><\/div>\n<\/div>\n\n\n\n<div class=\"wp-block-uagb-container uagb-block-8d1a0c8c alignfull uagb-is-root-container\">\n<div class=\"wp-block-uagb-container uag-hide-desktop uagb-block-e258b952\">\n<div class=\"wp-block-uagb-image aligncenter uagb-block-417b002e wp-block-uagb-image--layout-default wp-block-uagb-image--effect-static wp-block-uagb-image--align-center\"><figure class=\"wp-block-uagb-image__figure\"><img decoding=\"async\" srcset=\"https:\/\/path4you.org\/wp-content\/uploads\/2022\/09\/Image-1-1-771x437.png \" sizes=\"auto, (max-width: 480px) 150px\" src=\"https:\/\/path4you.org\/wp-content\/uploads\/2022\/09\/Image-1-1-771x437.png\" alt=\"\" class=\"uag-image-2262\" width=\"771\" height=\"437\" title=\"\" loading=\"lazy\" role=\"img\"\/><\/figure><\/div>\n<\/div>\n\n\n\n<div class=\"wp-block-uagb-container uagb-block-3b2e429e\">\n<div class=\"wp-block-uagb-image aligncenter uagb-block-7ecf0789 wp-block-uagb-image--layout-default wp-block-uagb-image--effect-static wp-block-uagb-image--align-center\"><figure class=\"wp-block-uagb-image__figure\"><img decoding=\"async\" srcset=\"https:\/\/path4you.org\/wp-content\/uploads\/2022\/09\/hand-and-heart-icon.png \" sizes=\"auto, (max-width: 480px) 150px\" src=\"https:\/\/path4you.org\/wp-content\/uploads\/2022\/09\/hand-and-heart-icon.png\" alt=\"\" class=\"uag-image-2261\" width=\"116\" height=\"107\" title=\"\" loading=\"lazy\" role=\"img\"\/><\/figure><\/div>\n\n\n\n<div class=\"wp-block-uagb-advanced-heading uagb-block-86a80ed3\"><h2 class=\"uagb-heading-text\">Under 18? No problem.<\/h2><p class=\"uagb-desc-text\">PATH4YOU takes care of patients of all ages. We have appointment options catered just for you.<\/p><\/div>\n\n\n\n<div class=\"wp-block-uagb-marketing-button uagb-marketing-btn__align-center uagb-marketing-btn__align-text-center uagb-marketing-btn__icon-after uagb-block-4bd6c9b9 wp-block-button\"><a href=\"#form-section\" class=\"uagb-marketing-btn__link wp-block-button__link\" target=\"\" rel=\"noopener noreferrer\"><span class=\"uagb-marketing-btn__title\">Schedule Your Appointment <\/span><\/a><\/div>\n<\/div>\n\n\n\n<div class=\"wp-block-uagb-container uag-hide-tab uag-hide-mob uagb-block-834f8a7b\">\n<div class=\"wp-block-uagb-image aligncenter uagb-block-9d0c262f wp-block-uagb-image--layout-default wp-block-uagb-image--effect-static wp-block-uagb-image--align-center\"><figure class=\"wp-block-uagb-image__figure\"><img decoding=\"async\" srcset=\"https:\/\/path4you.org\/wp-content\/uploads\/2022\/09\/Image-1-1-771x437.png \" sizes=\"auto, (max-width: 480px) 150px\" src=\"https:\/\/path4you.org\/wp-content\/uploads\/2022\/09\/Image-1-1-771x437.png\" alt=\"\" class=\"uag-image-2262\" width=\"771\" height=\"437\" title=\"\" loading=\"lazy\" role=\"img\"\/><\/figure><\/div>\n<\/div>\n\n\n\n<div class=\"wp-block-uagb-container uagb-block-a0559741\">\n<div class=\"wp-block-uagb-image uagb-block-124d7300 wp-block-uagb-image--layout-default wp-block-uagb-image--effect-static wp-block-uagb-image--align-none\"><figure class=\"wp-block-uagb-image__figure\"><img decoding=\"async\" srcset=\"https:\/\/path4you.org\/wp-content\/uploads\/2022\/09\/flag-image-1-771x437.png \" sizes=\"auto, (max-width: 480px) 150px\" src=\"https:\/\/path4you.org\/wp-content\/uploads\/2022\/09\/flag-image-1-771x437.png\" alt=\"\" class=\"uag-image-2264\" width=\"771\" height=\"437\" title=\"\" loading=\"lazy\" role=\"img\"\/><\/figure><\/div>\n<\/div>\n\n\n\n<div class=\"wp-block-uagb-container uagb-block-57418a2d\">\n<div class=\"wp-block-uagb-image aligncenter uagb-block-b756ba71 wp-block-uagb-image--layout-default wp-block-uagb-image--effect-static wp-block-uagb-image--align-center\"><figure class=\"wp-block-uagb-image__figure\"><img decoding=\"async\" srcset=\"https:\/\/path4you.org\/wp-content\/uploads\/2022\/09\/hands-icon.png \" sizes=\"auto, (max-width: 480px) 150px\" src=\"https:\/\/path4you.org\/wp-content\/uploads\/2022\/09\/hands-icon.png\" alt=\"\" class=\"uag-image-2263\" width=\"114\" height=\"114\" title=\"\" loading=\"lazy\" role=\"img\"\/><\/figure><\/div>\n\n\n\n<div class=\"wp-block-uagb-advanced-heading uagb-block-a68106a8\"><h2 class=\"uagb-heading-text\">If you have a uterus, we\u2019re here for you!<\/h2><p class=\"uagb-desc-text\">No matter how you identify, PATH4YOU will provide judgment-free, pregnancy prevention. Our physicians and offices are safe spaces free from stigmas, prejudice, ignorance and unsafe practices.<\/p><\/div>\n\n\n\n<div class=\"wp-block-uagb-marketing-button uagb-marketing-btn__align-center uagb-marketing-btn__align-text-center uagb-marketing-btn__icon-after uagb-block-b23d8cb1 wp-block-button\" id=\"lp-button\"><a href=\"#form-section\" class=\"uagb-marketing-btn__link wp-block-button__link\" target=\"\" rel=\"noopener noreferrer\"><span class=\"uagb-marketing-btn__title\">Schedule Your Appointment <\/span><\/a><\/div>\n<\/div>\n<\/div>\n\n\n\n<script type= text\/javascript>window.addEventListener('DOMContentLoaded', function() {\n  \/\/ Select the desired HTML element\n  var element = document.querySelector('.el-button.el-button--primary');\n  \/\/ Add the ID to the element\n  element.id = 'confirm-btn';\n});\n<\/script>\n","protected":false},"excerpt":{"rendered":"<p>Kontw\u00f2l nesans ki mete w nan kontw\u00f2l. Pare pou k\u00f2manse...<\/p>","protected":false},"author":10,"featured_media":0,"parent":0,"menu_order":0,"comment_status":"closed","ping_status":"closed","template":"","meta":{"_acf_changed":false,"inline_featured_image":false,"_uag_custom_page_level_css":"","footnotes":""},"class_list":["post-2127","page","type-page","status-publish","hentry"],"acf":[],"uagb_featured_image_src":{"full":false,"thumbnail":false,"medium":false,"medium_large":false,"large":false,"1536x1536":false,"2048x2048":false,"trp-custom-language-flag":false,"gform-image-choice-sm":false,"gform-image-choice-md":false,"gform-image-choice-lg":false},"uagb_author_info":{"display_name":"Willow Marketing","author_link":"https:\/\/path4you.org\/ht\/author\/developerswillowmarketing-com\/"},"uagb_comment_info":0,"uagb_excerpt":"Birth Control ThatPuts You In Control. Ready to get started&#46;&#46;&#46;","_links":{"self":[{"href":"https:\/\/path4you.org\/ht\/wp-json\/wp\/v2\/pages\/2127","targetHints":{"allow":["GET"]}}],"collection":[{"href":"https:\/\/path4you.org\/ht\/wp-json\/wp\/v2\/pages"}],"about":[{"href":"https:\/\/path4you.org\/ht\/wp-json\/wp\/v2\/types\/page"}],"author":[{"embeddable":true,"href":"https:\/\/path4you.org\/ht\/wp-json\/wp\/v2\/users\/10"}],"replies":[{"embeddable":true,"href":"https:\/\/path4you.org\/ht\/wp-json\/wp\/v2\/comments?post=2127"}],"version-history":[{"count":105,"href":"https:\/\/path4you.org\/ht\/wp-json\/wp\/v2\/pages\/2127\/revisions"}],"predecessor-version":[{"id":4512,"href":"https:\/\/path4you.org\/ht\/wp-json\/wp\/v2\/pages\/2127\/revisions\/4512"}],"wp:attachment":[{"href":"https:\/\/path4you.org\/ht\/wp-json\/wp\/v2\/media?parent=2127"}],"curies":[{"name":"wp","href":"https:\/\/api.w.org\/{rel}","templated":true}]}}