{"id":118,"date":"2021-04-14T12:30:01","date_gmt":"2021-04-14T16:30:01","guid":{"rendered":"http:\/\/path4you.org\/our-programs\/birth-control-explorer\/"},"modified":"2025-04-29T17:44:59","modified_gmt":"2025-04-29T21:44:59","slug":"birth-control-explorer","status":"publish","type":"page","link":"https:\/\/path4you.org\/ht\/our-programs\/birth-control-explorer\/","title":{"rendered":"Kontw\u00f2l nesans Explorer"},"content":{"rendered":"<div class=\"wp-block-cover alignfull is-light has-custom-content-position is-position-center-right\" style=\"min-height:700px;aspect-ratio:unset;\"><span aria-hidden=\"true\" class=\"wp-block-cover__background has-background-dim-0 has-background-dim has-background-gradient\" style=\"background:linear-gradient(90deg,rgba(133,32,101,0.6975) 51.76%,rgba(107,174,128,0.525) 89.36%)\"><\/span><img loading=\"lazy\" decoding=\"async\" width=\"1920\" height=\"1080\" class=\"wp-block-cover__image-background wp-image-3447\" alt=\"Image of a woman\" src=\"https:\/\/path4you.org\/wp-content\/uploads\/2023\/10\/FindAProvider-Image.jpg\" style=\"object-position:53% 32%\" data-object-fit=\"cover\" data-object-position=\"53% 32%\" srcset=\"https:\/\/path4you.org\/wp-content\/uploads\/2023\/10\/FindAProvider-Image.jpg 1920w, https:\/\/path4you.org\/wp-content\/uploads\/2023\/10\/FindAProvider-Image-771x434.jpg 771w, https:\/\/path4you.org\/wp-content\/uploads\/2023\/10\/FindAProvider-Image-768x432.jpg 768w, https:\/\/path4you.org\/wp-content\/uploads\/2023\/10\/FindAProvider-Image-1536x864.jpg 1536w, https:\/\/path4you.org\/wp-content\/uploads\/2023\/10\/FindAProvider-Image-18x10.jpg 18w\" sizes=\"auto, (max-width: 1920px) 100vw, 1920px\" \/><div class=\"wp-block-cover__inner-container is-layout-flow wp-block-cover-is-layout-flow\">\n<h2 class=\"wp-block-heading has-white-color has-text-color has-huge-font-size\">Kontw\u00f2l nesans Explorer<\/h2>\n<\/div><\/div>\n\n\n\n<div class=\"wp-block-columns narrow-content is-layout-flex wp-container-core-columns-is-layout-9d6595d7 wp-block-columns-is-layout-flex\">\n<div class=\"wp-block-column is-layout-flow wp-block-column-is-layout-flow\" style=\"flex-basis:100%\">\n<div style=\"height:40px\" aria-hidden=\"true\" class=\"wp-block-spacer\"><\/div>\n\n\n\n<div class=\"wp-block-columns is-layout-flex wp-container-core-columns-is-layout-9d6595d7 wp-block-columns-is-layout-flex\">\n<div class=\"wp-block-column is-layout-flow wp-block-column-is-layout-flow\">\n<p>Birth Control Explorer nou an (MyPath Tool) ka ede w aprann sou opsyon kontw\u00f2l nesans ki baze sou sa ki enp\u00f2tan pou OU anvan randevou w la. Men sa ou ka atann:<\/p>\n\n\n\n<ul class=\"wp-block-list\">\n<li>Explorer a pran apepr\u00e8 10 minit pou konplete.<\/li>\n\n\n\n<li>Kesyon sou volonte kontw\u00f2l nesans, eksperyans, ak plan gwos\u00e8s.<\/li>\n\n\n\n<li>Yon opsyon nan fen Explorer a voye yon rezime pou ou pataje ak founis\u00e8 ou (si ou vle).<\/li>\n<\/ul>\n\n\n\n<div class=\"wp-block-uagb-buttons uagb-buttons__outer-wrap uagb-btn__extralarge-btn uagb-btn-tablet__default-btn uagb-btn-mobile__default-btn uagb-block-a13b19d1\"><div class=\"uagb-buttons__wrap uagb-buttons-layout-wrap\">\n<div class=\"wp-block-uagb-buttons-child uagb-buttons__outer-wrap uagb-block-2ac92490 wp-block-button is-style-outline\"><div class=\"uagb-button__wrapper\"><a class=\"uagb-buttons-repeater wp-block-button__link\" aria-label=\"\" href=\"https:\/\/study-mypathtool.path4you.org\/en\/splash\" rel=\"follow noopener\" target=\"_self\" role=\"button\"><div class=\"uagb-button__link\">Kontw\u00f2l nesans Explorer<\/div><\/a><\/div><\/div>\n<\/div><\/div>\n\n\n\n<p><\/p>\n\n\n\n<div style=\"height:0px\" aria-hidden=\"true\" id=\"navigator-section\" class=\"wp-block-spacer\"><\/div>\n<\/div>\n\n\n\n<div class=\"wp-block-column is-layout-flow wp-block-column-is-layout-flow\">\n<figure class=\"wp-block-image size-full\"><img loading=\"lazy\" decoding=\"async\" width=\"2560\" height=\"2504\" src=\"http:\/\/path4you.org\/wp-content\/uploads\/2021\/11\/p4y-explr-gr-1021.png\" alt=\"\" class=\"wp-image-1266\" srcset=\"https:\/\/path4you.org\/wp-content\/uploads\/2021\/11\/p4y-explr-gr-1021.png 2560w, https:\/\/path4you.org\/wp-content\/uploads\/2021\/11\/p4y-explr-gr-1021-771x754.png 771w, https:\/\/path4you.org\/wp-content\/uploads\/2021\/11\/p4y-explr-gr-1021-768x751.png 768w, https:\/\/path4you.org\/wp-content\/uploads\/2021\/11\/p4y-explr-gr-1021-1536x1503.png 1536w, https:\/\/path4you.org\/wp-content\/uploads\/2021\/11\/p4y-explr-gr-1021-2048x2004.png 2048w, https:\/\/path4you.org\/wp-content\/uploads\/2021\/11\/p4y-explr-gr-1021-12x12.png 12w\" sizes=\"auto, (max-width: 2560px) 100vw, 2560px\" \/><\/figure>\n<\/div>\n<\/div>\n\n\n\n<div style=\"height:40px\" aria-hidden=\"true\" class=\"wp-block-spacer\"><\/div>\n\n\n\n<div class=\"wp-block-columns is-layout-flex wp-container-core-columns-is-layout-9d6595d7 wp-block-columns-is-layout-flex\">\n<div class=\"wp-block-column has-white-background-color has-background is-layout-flow wp-block-column-is-layout-flow\" style=\"flex-basis:100%\">\n<h2 class=\"wp-block-heading has-text-align-center\"><strong><em>Ou jis vle pale epi aprann plis?<\/em><\/strong><\/h2>\n\n\n\n<p>\u00c8ske w ap mande ki met\u00f2d ki bon pou ou? \u00c8ske w enterese nan kontrasepsyon pou l\u00f2t rezon apa prevansyon gwos\u00e8s? Ou vle aprann plis bagay sou pwogram nou an ak kijan li fonksyone? Navigat\u00e8 kontrasepsyon nou an disponib pou diskite sou tout bagay sa yo ak plis ank\u00f2!<\/p>\n\n\n\n<p>Ou lib pou konekte av\u00e8k nou nenp\u00f2t ki l\u00e8 atrav\u00e8 opsyon ki anba yo. Aks\u00e8 nan navigat\u00e8 kontw\u00f2l nesans nou an konpl\u00e8tman gratis, epi tout konv\u00e8sasyon ak asistans yo prive epi konfidansy\u00e8l.<\/p>\n\n\n\n<p class=\"has-teal-color has-text-color has-link-color wp-elements-32eb494355372b12e23b1fed771038bf\"><strong>Rele oswa t\u00e8ks : 317-643-4655<\/strong><\/p>\n\n\n\n<p>Si ou pare pou <a href=\"https:\/\/path4you.org\/ht\/schedule-appointment\/#form-section\">pran yon randevou<\/a> apre w fin aprann sou opsyon ou yo, sa pral pwochen etap la<\/p>\n<\/div>\n<\/div>\n\n\n\n<div class=\"wp-block-columns page-pink-section is-layout-flex wp-container-core-columns-is-layout-9d6595d7 wp-block-columns-is-layout-flex\">\n<div class=\"wp-block-column is-layout-flow wp-block-column-is-layout-flow\"><div class=\"wp-block-image\">\n<figure class=\"aligncenter size-full is-resized\"><img loading=\"lazy\" decoding=\"async\" width=\"500\" height=\"500\" src=\"https:\/\/path4you.org\/wp-content\/uploads\/2023\/10\/FaithColeman-500x500-1.jpg\" alt=\"\" class=\"wp-image-3544\" style=\"width:381px;height:auto\" srcset=\"https:\/\/path4you.org\/wp-content\/uploads\/2023\/10\/FaithColeman-500x500-1.jpg 500w, https:\/\/path4you.org\/wp-content\/uploads\/2023\/10\/FaithColeman-500x500-1-140x140.jpg 140w, https:\/\/path4you.org\/wp-content\/uploads\/2023\/10\/FaithColeman-500x500-1-12x12.jpg 12w\" sizes=\"auto, (max-width: 500px) 100vw, 500px\" \/><\/figure>\n<\/div>\n\n\n<p><\/p>\n<\/div>\n\n\n\n<div class=\"wp-block-column is-layout-flow wp-block-column-is-layout-flow\" style=\"flex-basis:50%\">\n<h2 class=\"wp-block-heading has-text-align-center\">Rankontre Navigat\u00e8 w la<\/h2>\n\n\n\n<p>Faith Coleman se yon navigat\u00e8 sante s\u00e8tifye e li anvi konekte ak moun pou ede yo jwenn swen yo merite. Anplis li se yon navigat\u00e8, li s\u00e8vi tou k\u00f2m lid\u00e8 ak espesyalis rech\u00e8ch PATH4YOU Community Outreach. Av\u00e8k yon Lisans nan Syans nan Edikasyon ak Pwomosyon Sante, ansanm ak yon M\u00e8t nan Edikasyon nan Ball State University, Faith pote yon rich\u00e8s konesans nan w\u00f2l li. Li gen plis pase senk ane eksperyans k\u00f2m yon Travay\u00e8 Sante Kominot\u00e8 s\u00e8tifye, k ap travay sou edikasyon kominot\u00e8, kontak ak sante piblik. Pasyon li se nan travay ak adolesan ak j\u00e8n fanm, bati koneksyon ki gen sans nan kominote a, ak defann pou plis aks\u00e8 a bon jan kalite swen sante repwodiktif.<\/p>\n<\/div>\n<\/div>\n<\/div>\n<\/div>\n\n\n\n<div class=\"wp-block-cover alignfull is-light\" style=\"min-height:50vh;aspect-ratio:unset;\"><span aria-hidden=\"true\" class=\"wp-block-cover__background has-purple-background-color has-background-dim-0 has-background-dim\"><\/span><img loading=\"lazy\" decoding=\"async\" width=\"1920\" height=\"540\" class=\"wp-block-cover__image-background wp-image-3840\" alt=\"\" src=\"https:\/\/path4you.org\/wp-content\/uploads\/2023\/11\/CTA-Module-Image.jpg\" data-object-fit=\"cover\" srcset=\"https:\/\/path4you.org\/wp-content\/uploads\/2023\/11\/CTA-Module-Image.jpg 1920w, https:\/\/path4you.org\/wp-content\/uploads\/2023\/11\/CTA-Module-Image-771x217.jpg 771w, https:\/\/path4you.org\/wp-content\/uploads\/2023\/11\/CTA-Module-Image-768x216.jpg 768w, https:\/\/path4you.org\/wp-content\/uploads\/2023\/11\/CTA-Module-Image-1536x432.jpg 1536w, https:\/\/path4you.org\/wp-content\/uploads\/2023\/11\/CTA-Module-Image-18x5.jpg 18w\" sizes=\"auto, (max-width: 1920px) 100vw, 1920px\" \/><div class=\"wp-block-cover__inner-container is-layout-flow wp-block-cover-is-layout-flow\">\n<div class=\"wp-block-uagb-advanced-heading uagb-block-d3bc1086\"><h2 class=\"uagb-heading-text\">Pare pou pran kontw\u00f2l<br>kontw\u00f2l nesans ou a?<\/h2><\/div>\n\n\n\n<div class=\"wp-block-uagb-marketing-button uagb-marketing-btn__align-center uagb-marketing-btn__align-text-center uagb-marketing-btn__icon-after uagb-block-a06b8cc4 wp-block-button\"><a href=\"http:\/\/path4you.org\/ht\/our-programs\/birth-control-explorer\/\" class=\"uagb-marketing-btn__link wp-block-button__link\" target=\"\" rel=\"noopener noreferrer\"><span class=\"uagb-marketing-btn__title\">K\u00f2manse<\/span><\/a><\/div>\n<\/div><\/div>","protected":false},"excerpt":{"rendered":"<p>Explorer kontw\u00f2l nesans nou an (MyPath Tool) ka ede w aprann...<\/p>","protected":false},"author":2,"featured_media":0,"parent":117,"menu_order":2,"comment_status":"closed","ping_status":"closed","template":"","meta":{"_acf_changed":false,"inline_featured_image":false,"_uag_custom_page_level_css":"","footnotes":""},"class_list":["post-118","page","type-page","status-publish","hentry"],"acf":[],"uagb_featured_image_src":{"full":false,"thumbnail":false,"medium":false,"medium_large":false,"large":false,"1536x1536":false,"2048x2048":false,"trp-custom-language-flag":false,"gform-image-choice-sm":false,"gform-image-choice-md":false,"gform-image-choice-lg":false},"uagb_author_info":{"display_name":"Cornershop Creative","author_link":"https:\/\/path4you.org\/ht\/author\/cornershop\/"},"uagb_comment_info":0,"uagb_excerpt":"Our Birth Control Explorer (MyPath Tool) can help you learn&#46;&#46;&#46;","_links":{"self":[{"href":"https:\/\/path4you.org\/ht\/wp-json\/wp\/v2\/pages\/118","targetHints":{"allow":["GET"]}}],"collection":[{"href":"https:\/\/path4you.org\/ht\/wp-json\/wp\/v2\/pages"}],"about":[{"href":"https:\/\/path4you.org\/ht\/wp-json\/wp\/v2\/types\/page"}],"author":[{"embeddable":true,"href":"https:\/\/path4you.org\/ht\/wp-json\/wp\/v2\/users\/2"}],"replies":[{"embeddable":true,"href":"https:\/\/path4you.org\/ht\/wp-json\/wp\/v2\/comments?post=118"}],"version-history":[{"count":59,"href":"https:\/\/path4you.org\/ht\/wp-json\/wp\/v2\/pages\/118\/revisions"}],"predecessor-version":[{"id":4339,"href":"https:\/\/path4you.org\/ht\/wp-json\/wp\/v2\/pages\/118\/revisions\/4339"}],"up":[{"embeddable":true,"href":"https:\/\/path4you.org\/ht\/wp-json\/wp\/v2\/pages\/117"}],"wp:attachment":[{"href":"https:\/\/path4you.org\/ht\/wp-json\/wp\/v2\/media?parent=118"}],"curies":[{"name":"wp","href":"https:\/\/api.w.org\/{rel}","templated":true}]}}