{"id":452,"date":"2021-05-21T13:12:06","date_gmt":"2021-05-21T17:12:06","guid":{"rendered":"http:\/\/path4you.org\/?page_id=452"},"modified":"2023-12-18T14:11:31","modified_gmt":"2023-12-18T19:11:31","slug":"program-pillars","status":"publish","type":"page","link":"https:\/\/path4you.org\/es\/about-us-old\/program-pillars\/","title":{"rendered":"Pilares del programa"},"content":{"rendered":"<div class=\"wp-block-cover alignfull is-light has-custom-content-position is-position-center-right large\" style=\"min-height:80vh;aspect-ratio:unset;\"><span aria-hidden=\"true\" class=\"wp-block-cover__background has-background-dim-0 has-background-dim has-background-gradient has-green-to-purple-gradient-background\"><\/span><img loading=\"lazy\" decoding=\"async\" width=\"1920\" height=\"1080\" class=\"wp-block-cover__image-background wp-image-3561\" alt=\"\" src=\"https:\/\/path4you.org\/wp-content\/uploads\/2023\/10\/Pillars-HeroImage-1.jpg\" style=\"object-position:0% 0%\" data-object-fit=\"cover\" data-object-position=\"0% 0%\" srcset=\"https:\/\/path4you.org\/wp-content\/uploads\/2023\/10\/Pillars-HeroImage-1.jpg 1920w, https:\/\/path4you.org\/wp-content\/uploads\/2023\/10\/Pillars-HeroImage-1-771x434.jpg 771w, https:\/\/path4you.org\/wp-content\/uploads\/2023\/10\/Pillars-HeroImage-1-768x432.jpg 768w, https:\/\/path4you.org\/wp-content\/uploads\/2023\/10\/Pillars-HeroImage-1-1536x864.jpg 1536w, https:\/\/path4you.org\/wp-content\/uploads\/2023\/10\/Pillars-HeroImage-1-18x10.jpg 18w\" sizes=\"auto, (max-width: 1920px) 100vw, 1920px\" \/><div class=\"wp-block-cover__inner-container is-layout-flow wp-block-cover-is-layout-flow\">\n<h1 class=\"has-text-align-center has-white-color has-text-color wp-block-heading\" style=\"font-size:56px\"><strong>Pilares del programa<\/strong><\/h1>\n\n\n\n<h2 class=\"has-text-align-center pillars has-white-color has-text-color uag-hide-mob wp-block-heading\" style=\"font-size:24px\"><strong>Prueba de detecci\u00f3n de intenci\u00f3n de embarazo <\/strong><br><strong>Asesoramiento integral sobre anticoncepci\u00f3n <\/strong><br><strong>Acceso el mismo d\u00eda<\/strong><\/h2>\n<\/div><\/div>\n\n\n\n<div class=\"wp-block-media-text alignwide has-media-on-the-right is-stacked-on-mobile\"><div class=\"wp-block-media-text__content\">\n<h2 class=\"has-text-align-center wp-block-heading\">Prueba de detecci\u00f3n de intenci\u00f3n de embarazo&nbsp;<\/h2>\n\n\n\n<p>\u00bfCrees que te gustar\u00eda (m\u00e1s) ni\u00f1os alg\u00fan d\u00eda? \u00bfCu\u00e1ndo crees que podr\u00eda ser? \u00bfQu\u00e9 importancia tiene para usted prevenir el embarazo hasta entonces? Nuestros proveedores le har\u00e1n estas preguntas para asegurarse de que su plan de anticoncepci\u00f3n sea el adecuado para usted.<\/p>\n\n\n\n<div class=\"wp-block-uagb-marketing-button uagb-marketing-btn__align-center uagb-marketing-btn__align-text-center uagb-marketing-btn__icon-after uagb-block-4bd6c9b9 wp-block-button\"><a href=\"#form-section\" class=\"uagb-marketing-btn__link wp-block-button__link\" target=\"\" rel=\"noopener noreferrer\"><span class=\"uagb-marketing-btn__title\">Programe su cita <\/span><\/a><\/div>\n<\/div><figure class=\"wp-block-media-text__media\"><img loading=\"lazy\" decoding=\"async\" width=\"1440\" height=\"960\" src=\"http:\/\/path4you.org\/wp-content\/uploads\/2021\/05\/path4you-09.jpg\" alt=\"\" class=\"wp-image-385 size-full\" srcset=\"https:\/\/path4you.org\/wp-content\/uploads\/2021\/05\/path4you-09.jpg 1440w, https:\/\/path4you.org\/wp-content\/uploads\/2021\/05\/path4you-09-771x514.jpg 771w, https:\/\/path4you.org\/wp-content\/uploads\/2021\/05\/path4you-09-768x512.jpg 768w, https:\/\/path4you.org\/wp-content\/uploads\/2021\/05\/path4you-09-16x12.jpg 16w\" sizes=\"auto, (max-width: 1440px) 100vw, 1440px\" \/><\/figure><\/div>\n\n\n\n<div class=\"wp-block-media-text alignwide is-stacked-on-mobile\"><figure class=\"wp-block-media-text__media\"><img loading=\"lazy\" decoding=\"async\" width=\"771\" height=\"514\" src=\"https:\/\/path4you.org\/wp-content\/uploads\/2023\/10\/Counseling-image-1-771x514.jpg\" alt=\"\" class=\"wp-image-3564 size-full\" srcset=\"https:\/\/path4you.org\/wp-content\/uploads\/2023\/10\/Counseling-image-1-771x514.jpg 771w, https:\/\/path4you.org\/wp-content\/uploads\/2023\/10\/Counseling-image-1-768x512.jpg 768w, https:\/\/path4you.org\/wp-content\/uploads\/2023\/10\/Counseling-image-1-18x12.jpg 18w, https:\/\/path4you.org\/wp-content\/uploads\/2023\/10\/Counseling-image-1.jpg 1440w\" sizes=\"auto, (max-width: 771px) 100vw, 771px\" \/><\/figure><div class=\"wp-block-media-text__content\">\n<h2 class=\"has-text-align-center wp-block-heading\">Asesoramiento integral sobre anticoncepci\u00f3n<\/h2>\n\n\n\n<p>\u00bfExiste alg\u00fan m\u00e9todo anticonceptivo que le gustar\u00eda discutir? \u00bfQu\u00e9 te ha funcionado en el pasado? \u00bfQu\u00e9 no est\u00e1 funcionando? Queremos estar seguros de que sepas <strong>todas<\/strong> de las opciones disponibles, qu\u00e9 tan bien funcionan, los efectos secundarios y c\u00f3mo obtenerlos.<\/p>\n\n\n\n<div class=\"wp-block-uagb-marketing-button uagb-marketing-btn__align-center uagb-marketing-btn__align-text-center uagb-marketing-btn__icon-after uagb-block-c1810ea1 wp-block-button\"><a href=\"#form-section\" class=\"uagb-marketing-btn__link wp-block-button__link\" target=\"\" rel=\"noopener noreferrer\"><span class=\"uagb-marketing-btn__title\">Programe su cita <\/span><\/a><\/div>\n<\/div><\/div>\n\n\n\n<div class=\"wp-block-media-text alignwide has-media-on-the-right is-stacked-on-mobile\"><div class=\"wp-block-media-text__content\">\n<h2 class=\"has-text-align-center wp-block-heading\">Acceso el mismo d\u00eda<\/h2>\n\n\n\n<p>\u00bfSabes qu\u00e9 m\u00e9todo quieres? \u00a1Estupendo! Te ayudaremos <strong>\u00a1Consiga el m\u00e9todo que prefiera hoy!<\/strong> \u00bfEst\u00e1 interesado en recibir un implante Nexplanon en su brazo o un dispositivo intrauterino (DIU)? \u00a1Nosotros podemos hacer eso tambi\u00e9n!<\/p>\n\n\n\n<div class=\"wp-block-uagb-marketing-button uagb-marketing-btn__align-center uagb-marketing-btn__align-text-center uagb-marketing-btn__icon-after uagb-block-ab05562e wp-block-button\"><a href=\"#form-section\" class=\"uagb-marketing-btn__link wp-block-button__link\" target=\"\" rel=\"noopener noreferrer\"><span class=\"uagb-marketing-btn__title\">Programe su cita <\/span><\/a><\/div>\n<\/div><figure class=\"wp-block-media-text__media\"><img loading=\"lazy\" decoding=\"async\" width=\"771\" height=\"514\" src=\"https:\/\/path4you.org\/wp-content\/uploads\/2023\/10\/SameDay-Image-1-771x514.jpg\" alt=\"\" class=\"wp-image-3566 size-full\" srcset=\"https:\/\/path4you.org\/wp-content\/uploads\/2023\/10\/SameDay-Image-1-771x514.jpg 771w, https:\/\/path4you.org\/wp-content\/uploads\/2023\/10\/SameDay-Image-1-768x512.jpg 768w, https:\/\/path4you.org\/wp-content\/uploads\/2023\/10\/SameDay-Image-1-18x12.jpg 18w, https:\/\/path4you.org\/wp-content\/uploads\/2023\/10\/SameDay-Image-1.jpg 1440w\" sizes=\"auto, (max-width: 771px) 100vw, 771px\" \/><\/figure><\/div>\n\n\n\n<div class=\"wp-block-cover alignfull is-light\" style=\"min-height:50vh;aspect-ratio:unset;\"><span aria-hidden=\"true\" class=\"wp-block-cover__background has-purple-background-color has-background-dim-0 has-background-dim\"><\/span><img loading=\"lazy\" decoding=\"async\" width=\"1920\" height=\"540\" class=\"wp-block-cover__image-background wp-image-3840\" alt=\"\" src=\"https:\/\/path4you.org\/wp-content\/uploads\/2023\/11\/CTA-Module-Image.jpg\" data-object-fit=\"cover\" srcset=\"https:\/\/path4you.org\/wp-content\/uploads\/2023\/11\/CTA-Module-Image.jpg 1920w, https:\/\/path4you.org\/wp-content\/uploads\/2023\/11\/CTA-Module-Image-771x217.jpg 771w, https:\/\/path4you.org\/wp-content\/uploads\/2023\/11\/CTA-Module-Image-768x216.jpg 768w, https:\/\/path4you.org\/wp-content\/uploads\/2023\/11\/CTA-Module-Image-1536x432.jpg 1536w, https:\/\/path4you.org\/wp-content\/uploads\/2023\/11\/CTA-Module-Image-18x5.jpg 18w\" sizes=\"auto, (max-width: 1920px) 100vw, 1920px\" \/><div class=\"wp-block-cover__inner-container is-layout-flow wp-block-cover-is-layout-flow\">\n<div class=\"wp-block-uagb-advanced-heading uagb-block-d3bc1086\"><h2 class=\"uagb-heading-text\">Listo para tomar el control de<br>tu anticonceptivo?<\/h2><\/div>\n\n\n\n<div class=\"wp-block-uagb-marketing-button uagb-marketing-btn__align-center uagb-marketing-btn__align-text-center uagb-marketing-btn__icon-after uagb-block-a06b8cc4 wp-block-button\"><a href=\"http:\/\/path4you.org\/es\/our-programs\/birth-control-explorer\/\" class=\"uagb-marketing-btn__link wp-block-button__link\" target=\"\" rel=\"noopener noreferrer\"><span class=\"uagb-marketing-btn__title\">Empezar<\/span><\/a><\/div>\n<\/div><\/div>","protected":false},"excerpt":{"rendered":"","protected":false},"author":2,"featured_media":0,"parent":120,"menu_order":0,"comment_status":"closed","ping_status":"closed","template":"","meta":{"_acf_changed":false,"inline_featured_image":false,"_uag_custom_page_level_css":"","footnotes":""},"class_list":["post-452","page","type-page","status-publish","hentry"],"acf":[],"uagb_featured_image_src":{"full":false,"thumbnail":false,"medium":false,"medium_large":false,"large":false,"1536x1536":false,"2048x2048":false,"trp-custom-language-flag":false,"gform-image-choice-sm":false,"gform-image-choice-md":false,"gform-image-choice-lg":false},"uagb_author_info":{"display_name":"Cornershop Creative","author_link":"https:\/\/path4you.org\/es\/author\/cornershop\/"},"uagb_comment_info":0,"uagb_excerpt":null,"_links":{"self":[{"href":"https:\/\/path4you.org\/es\/wp-json\/wp\/v2\/pages\/452","targetHints":{"allow":["GET"]}}],"collection":[{"href":"https:\/\/path4you.org\/es\/wp-json\/wp\/v2\/pages"}],"about":[{"href":"https:\/\/path4you.org\/es\/wp-json\/wp\/v2\/types\/page"}],"author":[{"embeddable":true,"href":"https:\/\/path4you.org\/es\/wp-json\/wp\/v2\/users\/2"}],"replies":[{"embeddable":true,"href":"https:\/\/path4you.org\/es\/wp-json\/wp\/v2\/comments?post=452"}],"version-history":[{"count":49,"href":"https:\/\/path4you.org\/es\/wp-json\/wp\/v2\/pages\/452\/revisions"}],"predecessor-version":[{"id":4023,"href":"https:\/\/path4you.org\/es\/wp-json\/wp\/v2\/pages\/452\/revisions\/4023"}],"up":[{"embeddable":true,"href":"https:\/\/path4you.org\/es\/wp-json\/wp\/v2\/pages\/120"}],"wp:attachment":[{"href":"https:\/\/path4you.org\/es\/wp-json\/wp\/v2\/media?parent=452"}],"curies":[{"name":"gracias","href":"https:\/\/api.w.org\/{rel}","templated":true}]}}