{"id":2669,"date":"2022-10-19T18:45:35","date_gmt":"2022-10-19T22:45:35","guid":{"rendered":"http:\/\/path4you.org\/home-updated-test\/"},"modified":"2026-03-12T14:36:17","modified_gmt":"2026-03-12T19:36:17","slug":"home","status":"publish","type":"page","link":"https:\/\/path4you.org\/es\/","title":{"rendered":"Casa"},"content":{"rendered":"<div class=\"wp-block-cover alignfull has-custom-content-position is-position-center-right\" style=\"min-height:90vh;aspect-ratio:unset;\"><img loading=\"lazy\" decoding=\"async\" width=\"1920\" height=\"1080\" class=\"wp-block-cover__image-background wp-image-3659\" alt=\"Image of people\" src=\"https:\/\/path4you.org\/wp-content\/uploads\/2023\/11\/Homepage-ImageALT-2-1.jpg\" style=\"object-position:0% 0%\" data-object-fit=\"cover\" data-object-position=\"0% 0%\" srcset=\"https:\/\/path4you.org\/wp-content\/uploads\/2023\/11\/Homepage-ImageALT-2-1.jpg 1920w, https:\/\/path4you.org\/wp-content\/uploads\/2023\/11\/Homepage-ImageALT-2-1-771x434.jpg 771w, https:\/\/path4you.org\/wp-content\/uploads\/2023\/11\/Homepage-ImageALT-2-1-768x432.jpg 768w, https:\/\/path4you.org\/wp-content\/uploads\/2023\/11\/Homepage-ImageALT-2-1-1536x864.jpg 1536w, https:\/\/path4you.org\/wp-content\/uploads\/2023\/11\/Homepage-ImageALT-2-1-18x10.jpg 18w\" sizes=\"auto, (max-width: 1920px) 100vw, 1920px\" \/><span aria-hidden=\"true\" class=\"wp-block-cover__background has-dark-gray-background-color has-background-dim-10 has-background-dim\"><\/span><div class=\"wp-block-cover__inner-container is-layout-flow wp-block-cover-is-layout-flow\">\n<div class=\"wp-block-uagb-advanced-heading uagb-block-02d6533e\"><h1 class=\"uagb-heading-text\">Te ayudamos a conseguir el <span class=\"headline-free\">gratis<br><\/span> control de la natalidad <span class=\"headline-free\">usted<\/span> \u00a1querer!<\/h1><\/div>\n\n\n\n<div class=\"wp-block-uagb-buttons uagb-buttons__outer-wrap uagb-btn__extralarge-btn uagb-btn-tablet__default-btn uagb-btn-mobile__default-btn uagb-block-a76cff23\"><div class=\"uagb-buttons__wrap uagb-buttons-layout-wrap\">\n<div class=\"wp-block-uagb-buttons-child uagb-buttons__outer-wrap uagb-block-f0ee83b0 wp-block-button is-style-outline\"><div class=\"uagb-button__wrapper\"><a class=\"uagb-buttons-repeater wp-block-button__link\" aria-label=\"\" href=\"\/es\/schedule-appointment\/\" rel=\"follow noopener\" target=\"_self\" role=\"button\"><div class=\"uagb-button__link\">Programa tu <br>Cita<\/div><\/a><\/div><\/div>\n\n\n\n<div class=\"wp-block-uagb-buttons-child uagb-buttons__outer-wrap uagb-block-5f126c07 wp-block-button is-style-outline\"><div class=\"uagb-button__wrapper\"><a class=\"uagb-buttons-repeater wp-block-button__link\" aria-label=\"\" href=\"\/es\/our-programs\/birth-control-explorer\/\" rel=\"follow noopener\" target=\"_blank\" role=\"button\"><div class=\"uagb-button__link\"> Explorar Nacimiento<br>Opciones de control<\/div><\/a><\/div><\/div>\n<\/div><\/div>\n\n\n\n<div style=\"height:40px\" aria-hidden=\"true\" class=\"wp-block-spacer\"><\/div>\n<\/div><\/div>\n\n\n\n<div class=\"wp-block-uagb-container uagb-block-0dc0d982 alignfull uagb-is-root-container\">\n<div class=\"wp-block-uagb-advanced-heading uagb-block-bf9129fa\"><h2 class=\"uagb-heading-text\">\u00bfComo funciona?<\/h2><\/div>\n\n\n\n<div class=\"wp-block-columns is-layout-flex wp-container-core-columns-is-layout-9d6595d7 wp-block-columns-is-layout-flex\">\n<div class=\"wp-block-column is-layout-flow wp-block-column-is-layout-flow\">\n<div class=\"wp-block-uagb-image aligncenter uagb-block-301aaca1 wp-block-uagb-image--layout-default wp-block-uagb-image--effect-static wp-block-uagb-image--align-center\"><figure class=\"wp-block-uagb-image__figure\"><img decoding=\"async\" srcset=\"https:\/\/path4you.org\/wp-content\/uploads\/2022\/09\/P4Y_LandingPageIcons-Step1.png \" sizes=\"auto, (max-width: 480px) 150px\" src=\"https:\/\/path4you.org\/wp-content\/uploads\/2022\/09\/P4Y_LandingPageIcons-Step1.png\" alt=\"\" class=\"uag-image-2253\" width=\"199\" height=\"191\" title=\"\" loading=\"lazy\" role=\"img\"\/><\/figure><\/div>\n\n\n\n<div class=\"wp-block-uagb-advanced-heading uagb-block-f9f1a89f\"><h3 class=\"uagb-heading-text\"><a href=\"\/es\/schedule-appointment\/\">Programa una<br> cita<\/a><\/h3><\/div>\n\n\n\n<div class=\"wp-block-uagb-container uagb-block-0a6247fc\">\n<div class=\"wp-block-uagb-advanced-heading uagb-block-5283ef3d\"><h2 class=\"uagb-heading-text\"><strong>Paso 1:<\/strong><\/h2><p class=\"uagb-desc-text\">Agendar una cita de trabajo. Citas para visitas virtuales o en persona gratuitas disponibles en Indiana.<\/p><\/div>\n<\/div>\n<\/div>\n\n\n\n<div class=\"wp-block-column is-layout-flow wp-block-column-is-layout-flow\">\n<div class=\"wp-block-uagb-image aligncenter uagb-block-16fb02a3 wp-block-uagb-image--layout-default wp-block-uagb-image--effect-static wp-block-uagb-image--align-center\"><figure class=\"wp-block-uagb-image__figure\"><img decoding=\"async\" srcset=\"https:\/\/path4you.org\/wp-content\/uploads\/2022\/09\/P4Y_LandingPageIcons-Step2.png \" sizes=\"auto, (max-width: 480px) 150px\" src=\"https:\/\/path4you.org\/wp-content\/uploads\/2022\/09\/P4Y_LandingPageIcons-Step2.png\" alt=\"\" class=\"uag-image-2254\" width=\"199\" height=\"191\" title=\"\" loading=\"lazy\" role=\"img\"\/><\/figure><\/div>\n\n\n\n<div class=\"wp-block-uagb-advanced-heading uagb-block-f2b0ddc9\"><h3 class=\"uagb-heading-text\">Explora tu <br> opciones<\/h3><\/div>\n\n\n\n<div class=\"wp-block-uagb-container uagb-block-4d99783e\">\n<div class=\"wp-block-uagb-advanced-heading uagb-block-2d1b597e\"><h2 class=\"uagb-heading-text\"><strong>Paso 2:<\/strong><\/h2><p class=\"uagb-desc-text\">El mensaje de confirmaci\u00f3n de su cita incluir\u00e1 un enlace a nuestro <u><strong><a href=\"http:\/\/path4you.org\/es\/our-programs\/birth-control-explorer\/\">explorador de control de la natalidad<\/a><\/strong><\/u> donde puede aprender sobre los diferentes m\u00e9todos anticonceptivos que le pueden interesar.<\/p><\/div>\n<\/div>\n<\/div>\n\n\n\n<div class=\"wp-block-column is-layout-flow wp-block-column-is-layout-flow\">\n<div class=\"wp-block-uagb-image aligncenter uagb-block-f1ba6969 wp-block-uagb-image--layout-default wp-block-uagb-image--effect-static wp-block-uagb-image--align-center\"><figure class=\"wp-block-uagb-image__figure\"><img decoding=\"async\" srcset=\"https:\/\/path4you.org\/wp-content\/uploads\/2022\/09\/P4Y_LandingPageIcons-Step3.png \" sizes=\"auto, (max-width: 480px) 150px\" src=\"https:\/\/path4you.org\/wp-content\/uploads\/2022\/09\/P4Y_LandingPageIcons-Step3.png\" alt=\"\" class=\"uag-image-2255\" width=\"199\" height=\"191\" title=\"\" loading=\"lazy\" role=\"img\"\/><\/figure><\/div>\n\n\n\n<div class=\"wp-block-uagb-advanced-heading uagb-block-71f93934\"><h3 class=\"uagb-heading-text\">Asiste a tu<br>cita<\/h3><\/div>\n\n\n\n<div class=\"wp-block-uagb-container uagb-block-dad450e5\">\n<div class=\"wp-block-uagb-advanced-heading uagb-block-65f256b1\"><h2 class=\"uagb-heading-text\"><strong>Paso 3:<\/strong><\/h2><p class=\"uagb-desc-text\">Asista a su cita individual con un proveedor cl\u00ednico de confianza. Su visita se centrar\u00e1 en usted y en lo que es importante para usted.<\/p><\/div>\n<\/div>\n<\/div>\n\n\n\n<div class=\"wp-block-column is-layout-flow wp-block-column-is-layout-flow\">\n<div class=\"wp-block-uagb-image aligncenter uagb-block-aa17138a wp-block-uagb-image--layout-default wp-block-uagb-image--effect-static wp-block-uagb-image--align-center\"><figure class=\"wp-block-uagb-image__figure\"><img decoding=\"async\" srcset=\"https:\/\/path4you.org\/wp-content\/uploads\/2022\/09\/P4Y_LandingPageIcons-Step4.png \" sizes=\"auto, (max-width: 480px) 150px\" src=\"https:\/\/path4you.org\/wp-content\/uploads\/2022\/09\/P4Y_LandingPageIcons-Step4.png\" alt=\"\" class=\"uag-image-2256\" width=\"199\" height=\"191\" title=\"\" loading=\"lazy\" role=\"img\"\/><\/figure><\/div>\n\n\n\n<div class=\"wp-block-uagb-advanced-heading uagb-block-67714582\"><h3 class=\"uagb-heading-text\">Consigue tu gratis<br>control de la natalidad<\/h3><\/div>\n\n\n\n<div class=\"wp-block-uagb-container uagb-block-c613bb83\">\n<div class=\"wp-block-uagb-advanced-heading uagb-block-aa5b2b1e\"><h2 class=\"uagb-heading-text\"><strong>Paso 4:<\/strong><\/h2><p class=\"uagb-desc-text\">Despu\u00e9s de que haya elegido su m\u00e9todo anticonceptivo, recibir\u00e1 el m\u00e9todo ese mismo d\u00eda, o se lo enviar\u00e1n a una farmacia cercana o lo entregar\u00e1n en su casa.<\/p><\/div>\n<\/div>\n<\/div>\n<\/div>\n\n\n\n<div style=\"height:0px\" aria-hidden=\"true\" id=\"form-section\" class=\"wp-block-spacer\"><\/div>\n<\/div>\n\n\n\n<div class=\"wp-block-uagb-buttons uagb-buttons__outer-wrap uagb-btn__extralarge-btn uagb-btn-tablet__default-btn uagb-btn-mobile__default-btn uagb-block-a13b19d1\"><div class=\"uagb-buttons__wrap uagb-buttons-layout-wrap\">\n<div class=\"wp-block-uagb-buttons-child uagb-buttons__outer-wrap uagb-block-2ac92490 wp-block-button is-style-outline\"><div class=\"uagb-button__wrapper\"><a class=\"uagb-buttons-repeater wp-block-button__link\" aria-label=\"\" href=\"\/es\/schedule-appointment\/\" rel=\"follow noopener\" target=\"_self\" role=\"button\"><div class=\"uagb-button__link\">Programa tu <br>Cita<\/div><\/a><\/div><\/div>\n<\/div><\/div>\n\n\n\n<div style=\"height:25px\" aria-hidden=\"true\" class=\"wp-block-spacer\"><\/div>\n\n\n\n<div class=\"wp-block-uagb-container uagb-block-57fadf3a alignfull uagb-is-root-container\"><div class=\"uagb-container-inner-blocks-wrap\">\n<h2 class=\"wp-block-heading has-text-align-center\">\u00bfS\u00f3lo quieres charlar y aprender m\u00e1s?<\/h2>\n\n\n\n<p class=\"no-margin\">\u00bfTe preguntas qu\u00e9 m\u00e9todo es el adecuado para ti? \u00bfTe interesan los anticonceptivos por otras razones adem\u00e1s de la prevenci\u00f3n del embarazo? \u00bfQuieres saber m\u00e1s sobre nuestro programa y c\u00f3mo funciona? \u00a1Nuestra asesora en anticonceptivos est\u00e1 disponible para hablar sobre todo esto y m\u00e1s!<\/p>\n\n\n\n<div style=\"margin-top:32px;\"class=\"home-flex-center-wrapper\"><a href=\"https:\/\/path4you.org\/es\/our-programs\/birth-control-explorer\/#navigator-section\" class=\"green-btn\">Conectarse ahora<\/a><\/div>\n<\/div><\/div>\n\n\n\n<div class=\"wp-block-group alignfull hide-on-print\"><div class=\"wp-block-group__inner-container is-layout-flow wp-block-group-is-layout-flow\">\n<div style=\"height:50px\" aria-hidden=\"true\" class=\"wp-block-spacer\"><\/div>\n\n\n\n<div style=\"height:20px\" aria-hidden=\"true\" class=\"wp-block-spacer\"><\/div>\n\n\n\n<div class=\"wp-block-columns alignwide is-layout-flex wp-container-core-columns-is-layout-9d6595d7 wp-block-columns-is-layout-flex\">\n<div class=\"wp-block-column is-vertically-aligned-center is-layout-flow wp-block-column-is-layout-flow\" style=\"flex-basis:75%\">\n<div class=\"wp-block-columns is-layout-flex wp-container-core-columns-is-layout-9d6595d7 wp-block-columns-is-layout-flex\">\n<div class=\"wp-block-column is-layout-flow wp-block-column-is-layout-flow\">\n<figure class=\"wp-block-embed is-type-video is-provider-youtube wp-block-embed-youtube wp-embed-aspect-16-9 wp-has-aspect-ratio\"><div class=\"wp-block-embed__wrapper\">\n<iframe loading=\"lazy\" title=\"Impacto en el paciente | PATH4YOU Indiana\" width=\"500\" height=\"281\" src=\"https:\/\/www.youtube.com\/embed\/dZL7l__hlWQ?feature=oembed\" frameborder=\"0\" allow=\"accelerometer; autoplay; clipboard-write; encrypted-media; gyroscope; picture-in-picture; web-share\" referrerpolicy=\"strict-origin-when-cross-origin\" allowfullscreen><\/iframe>\n<\/div><\/figure>\n<\/div>\n\n\n\n<div class=\"wp-block-column is-vertically-aligned-center is-layout-flow wp-block-column-is-layout-flow\">\n<h4 class=\"wp-block-heading has-teal-color has-text-color\">Tenemos informaci\u00f3n y recursos para proveedores y pacientes, \u00a1eche un vistazo a nuestras p\u00e1ginas!<\/h4>\n\n\n\n<h5 class=\"wp-block-heading\"><a href=\"http:\/\/path4you.org\/es\/patient-resources\/\">Recursos para pacientes<\/a>: Obtenga la informaci\u00f3n m\u00e1s reciente sobre todas sus opciones de control de la natalidad, c\u00f3mo tener un embarazo saludable y m\u00e1s.<\/h5>\n\n\n\n<h5 class=\"wp-block-heading\"><a href=\"http:\/\/path4you.org\/es\/provider-resources\/\">Kit de herramientas para proveedores<\/a>: Obtenga informaci\u00f3n actualizada sobre c\u00f3mo brindar atenci\u00f3n de planificaci\u00f3n del embarazo y control de la natalidad de alta calidad para todos.<\/h5>\n<\/div>\n<\/div>\n<\/div>\n<\/div>\n\n\n\n<div style=\"height:40px\" aria-hidden=\"true\" class=\"wp-block-spacer\"><\/div>\n<\/div><\/div>","protected":false},"excerpt":{"rendered":"<p>\u00bfComo funciona? Programe una cita Paso 1: Programe...<\/p>","protected":false},"author":10,"featured_media":0,"parent":0,"menu_order":0,"comment_status":"open","ping_status":"closed","template":"","meta":{"_acf_changed":false,"inline_featured_image":false,"_uag_custom_page_level_css":"","footnotes":""},"class_list":["post-2669","page","type-page","status-publish","hentry"],"acf":[],"uagb_featured_image_src":{"full":false,"thumbnail":false,"medium":false,"medium_large":false,"large":false,"1536x1536":false,"2048x2048":false,"trp-custom-language-flag":false,"gform-image-choice-sm":false,"gform-image-choice-md":false,"gform-image-choice-lg":false},"uagb_author_info":{"display_name":"Willow Marketing","author_link":"https:\/\/path4you.org\/es\/author\/developerswillowmarketing-com\/"},"uagb_comment_info":0,"uagb_excerpt":"How does it work? Schedule an appointment Step 1: Schedule&#46;&#46;&#46;","_links":{"self":[{"href":"https:\/\/path4you.org\/es\/wp-json\/wp\/v2\/pages\/2669","targetHints":{"allow":["GET"]}}],"collection":[{"href":"https:\/\/path4you.org\/es\/wp-json\/wp\/v2\/pages"}],"about":[{"href":"https:\/\/path4you.org\/es\/wp-json\/wp\/v2\/types\/page"}],"author":[{"embeddable":true,"href":"https:\/\/path4you.org\/es\/wp-json\/wp\/v2\/users\/10"}],"replies":[{"embeddable":true,"href":"https:\/\/path4you.org\/es\/wp-json\/wp\/v2\/comments?post=2669"}],"version-history":[{"count":136,"href":"https:\/\/path4you.org\/es\/wp-json\/wp\/v2\/pages\/2669\/revisions"}],"predecessor-version":[{"id":4685,"href":"https:\/\/path4you.org\/es\/wp-json\/wp\/v2\/pages\/2669\/revisions\/4685"}],"wp:attachment":[{"href":"https:\/\/path4you.org\/es\/wp-json\/wp\/v2\/media?parent=2669"}],"curies":[{"name":"gracias","href":"https:\/\/api.w.org\/{rel}","templated":true}]}}