{"id":2635,"date":"2022-10-10T13:17:02","date_gmt":"2022-10-10T17:17:02","guid":{"rendered":"http:\/\/path4you.org\/?page_id=2635"},"modified":"2025-09-11T14:33:11","modified_gmt":"2025-09-11T18:33:11","slug":"prescription-faqs","status":"publish","type":"page","link":"https:\/\/path4you.org\/es\/prescription-faqs\/","title":{"rendered":"Preguntas frecuentes sobre recetas"},"content":{"rendered":"<div class=\"wp-block-cover alignfull is-light has-custom-content-position is-position-center-right\" style=\"min-height:80vh;aspect-ratio:unset;\"><span aria-hidden=\"true\" class=\"wp-block-cover__background has-background-dim-0 has-background-dim has-background-gradient\" style=\"background:linear-gradient(90deg,rgba(133,32,101,0.6975) 51.76%,rgba(107,174,128,0.525) 89.36%)\"><\/span><img loading=\"lazy\" decoding=\"async\" width=\"1920\" height=\"1080\" class=\"wp-block-cover__image-background wp-image-3551\" alt=\"\" src=\"https:\/\/path4you.org\/wp-content\/uploads\/2023\/10\/PrescriptionFAQs-Image.jpg\" style=\"object-position:27% 4%\" data-object-fit=\"cover\" data-object-position=\"27% 4%\" srcset=\"https:\/\/path4you.org\/wp-content\/uploads\/2023\/10\/PrescriptionFAQs-Image.jpg 1920w, https:\/\/path4you.org\/wp-content\/uploads\/2023\/10\/PrescriptionFAQs-Image-771x434.jpg 771w, https:\/\/path4you.org\/wp-content\/uploads\/2023\/10\/PrescriptionFAQs-Image-768x432.jpg 768w, https:\/\/path4you.org\/wp-content\/uploads\/2023\/10\/PrescriptionFAQs-Image-1536x864.jpg 1536w, https:\/\/path4you.org\/wp-content\/uploads\/2023\/10\/PrescriptionFAQs-Image-18x10.jpg 18w\" sizes=\"auto, (max-width: 1920px) 100vw, 1920px\" \/><div class=\"wp-block-cover__inner-container is-layout-flow wp-block-cover-is-layout-flow\">\n<h2 class=\"wp-block-heading padding-right-heading has-white-color has-text-color has-huge-font-size\">Preguntas frecuentes sobre recetas<\/h2>\n<\/div><\/div>\n\n\n\n<div style=\"height:40px\" aria-hidden=\"true\" class=\"wp-block-spacer\"><\/div>\n\n\n\n<div class=\"wp-block-columns is-layout-flex wp-container-core-columns-is-layout-9d6595d7 wp-block-columns-is-layout-flex\">\n<div class=\"wp-block-column is-layout-flow wp-block-column-is-layout-flow\" style=\"flex-basis:15%\"><\/div>\n\n\n\n<div class=\"wp-block-column is-layout-flow wp-block-column-is-layout-flow\" style=\"flex-basis:70%\">\t\t\t<div id=\"faqs-block_ea931b9ef04bf3b387c9900fade4a4d3\" class=\"faqs\" role=\"tablist\" aria-multiselectable=\"true\">\n\t\t\t\n\t\t\t\t<div class=\"item\" data-status=\"contracted\">\n\t\t\t\t\t<div class=\"target\" role=\"tab\" aria-expanded=\"false\" id=\"faqs-block_ea931b9ef04bf3b387c9900fade4a4d3-how-do-i-use-the-pharmacyvoucher\">\n\t\t\t\t\t\t\u00bfC\u00f3mo utilizar el pharmacyVoucher? <div class=\"target-icon\" aria-hidden=\"true\"><span><\/span><\/div>\n\t\t\t\t\t<\/div>\n\t\t\t\t\t<div class=\"panel\" role=\"tabpanel\" aria-hidden=\"true\" aria-labelledby=\"faqs-block_ea931b9ef04bf3b387c9900fade4a4d3-how-do-i-use-the-pharmacyvoucher\">\n\t\t\t\t\t\t<div class=\"panel-content\">\n\t\t\t\t\t\t\t<p>Enviaremos su receta a la farmacia que prefiera (\u00a1llegamos a m\u00e1s de 1000 farmacias!) y le enviaremos por correo electr\u00f3nico un cup\u00f3n con su nombre, fecha de nacimiento y receta. Puede usar este cup\u00f3n electr\u00f3nicamente (mostrando su tel\u00e9fono) o imprimirlo. Muestre el cup\u00f3n en la farmacia al recoger su anticonceptivo. Si desea usar su seguro adem\u00e1s del cup\u00f3n, inf\u00f3rmeselo a la farmacia. Si no desea usar su seguro o no tiene seguro, puede usar el cup\u00f3n para cubrir el costo total. En cualquier caso, no deber\u00eda tener que pagar por ninguna receta que le enviemos. Solo tendr\u00e1 que presentar el cup\u00f3n la primera vez que recoja su receta.<\/p>\n\t\t\t\t\t\t<\/div>\n\t\t\t\t\t<\/div>\n\t\t\t\t<\/div>\n\n\t\t\t\n\t\t\t\t<div class=\"item\" data-status=\"contracted\">\n\t\t\t\t\t<div class=\"target\" role=\"tab\" aria-expanded=\"false\" id=\"faqs-block_ea931b9ef04bf3b387c9900fade4a4d3-do-i-need-an-appointment-for-refills\">\n\t\t\t\t\t\t\u00bfNecesito una cita para recargas? <div class=\"target-icon\" aria-hidden=\"true\"><span><\/span><\/div>\n\t\t\t\t\t<\/div>\n\t\t\t\t\t<div class=\"panel\" role=\"tabpanel\" aria-hidden=\"true\" aria-labelledby=\"faqs-block_ea931b9ef04bf3b387c9900fade4a4d3-do-i-need-an-appointment-for-refills\">\n\t\t\t\t\t\t<div class=\"panel-content\">\n\t\t\t\t\t\t\t<p>\u00a1No! Si obtiene su receta a trav\u00e9s de la farmacia de pedidos por correo de CarePoint, se le inscribir\u00e1 autom\u00e1ticamente en los resurtidos. Diez d\u00edas antes de que se le env\u00ede por correo su recarga, recibir\u00e1 un mensaje de texto confirmando que a\u00fan desea la recarga. Simplemente confirme que desea la recarga y se la enviaremos por correo. Si obtiene su receta en CVS, puede inscribirse para resurtidos autom\u00e1ticos en la farmacia e ir a recogerlos cuando sea necesario. Si alguna vez desea cambiar su m\u00e9todo o tipo de p\u00edldora, haga una visita virtual con uno de nuestros proveedores y podemos cancelar la receta anterior y proporcionar una nueva. Si tiene CUALQUIER problema con sus recargas, env\u00edenos un correo electr\u00f3nico a <a href=\"mailto:path4you@iu.edu\">path4you@iu.edu<\/a> o puede comunicarse directamente con CarePoint al 855.237.9112.<\/p>\n<p>Es posible que necesite una cita despu\u00e9s de un a\u00f1o de prescripci\u00f3n. Si se le acab\u00f3 la receta y ha pasado un a\u00f1o desde su cita, env\u00edenos un correo electr\u00f3nico a <a href=\"mailto:path4you@iu.edu\">path4you@iu.edu<\/a>.<\/p>\n\t\t\t\t\t\t<\/div>\n\t\t\t\t\t<\/div>\n\t\t\t\t<\/div>\n\n\t\t\t\n\t\t\t\t<div class=\"item\" data-status=\"contracted\">\n\t\t\t\t\t<div class=\"target\" role=\"tab\" aria-expanded=\"false\" id=\"faqs-block_ea931b9ef04bf3b387c9900fade4a4d3-what-if-carepoint-or-my-pharmacy-asks-me-for-my-insurance\">\n\t\t\t\t\t\t\u00bfQu\u00e9 pasa si CarePoint o mi farmacia me pregunta por mi seguro? <div class=\"target-icon\" aria-hidden=\"true\"><span><\/span><\/div>\n\t\t\t\t\t<\/div>\n\t\t\t\t\t<div class=\"panel\" role=\"tabpanel\" aria-hidden=\"true\" aria-labelledby=\"faqs-block_ea931b9ef04bf3b387c9900fade4a4d3-what-if-carepoint-or-my-pharmacy-asks-me-for-my-insurance\">\n\t\t\t\t\t\t<div class=\"panel-content\">\n\t\t\t\t\t\t\t<p>La decisi\u00f3n de usar un seguro depende totalmente de usted y no es obligatorio. Si elige usar un seguro, primero se facturar\u00e1 a su proveedor de seguros y PATH4YOU cubrir\u00e1 el resto de la factura. Si no desea utilizar su seguro, o no tiene ninguno, cubriremos el costo total. Si tiene alg\u00fan problema con los requisitos para la informaci\u00f3n de su seguro, comun\u00edquese con nosotros al <a href=\"mailto:path4you@iu.edu\">path4you@iu.edu.<\/a> Tambi\u00e9n puede llamar directamente a CarePoint al 855.237.9112 y decirles que es paciente de PATH4YOU y que ha elegido no usar seguro.<\/p>\n\t\t\t\t\t\t<\/div>\n\t\t\t\t\t<\/div>\n\t\t\t\t<\/div>\n\n\t\t\t\n\t\t\t\t<div class=\"item\" data-status=\"contracted\">\n\t\t\t\t\t<div class=\"target\" role=\"tab\" aria-expanded=\"false\" id=\"faqs-block_ea931b9ef04bf3b387c9900fade4a4d3-how-will-i-know-if-my-carepoint-prescription-is-coming\">\n\t\t\t\t\t\t\u00bfC\u00f3mo sabr\u00e9 si mi receta de CarePoint est\u00e1 llegando? <div class=\"target-icon\" aria-hidden=\"true\"><span><\/span><\/div>\n\t\t\t\t\t<\/div>\n\t\t\t\t\t<div class=\"panel\" role=\"tabpanel\" aria-hidden=\"true\" aria-labelledby=\"faqs-block_ea931b9ef04bf3b387c9900fade4a4d3-how-will-i-know-if-my-carepoint-prescription-is-coming\">\n\t\t\t\t\t\t<div class=\"panel-content\">\n\t\t\t\t\t\t\t<p>Recibir\u00e1 un mensaje de texto de CarePoint dentro de las 48 horas posteriores a su cita solicitando que confirme su direcci\u00f3n e informaci\u00f3n. Debe confirmar esta informaci\u00f3n y luego CarePoint le enviar\u00e1 un mensaje de texto para informarle cu\u00e1ndo se enviar\u00e1 su receta. Si no recibe un mensaje de texto, env\u00edenos un correo electr\u00f3nico a <a href=\"mailto:path4you@iu.edu\">path4you@iu.edu<\/a> o llame directamente a CarePoint al 855.237.9112<\/p>\n\t\t\t\t\t\t<\/div>\n\t\t\t\t\t<\/div>\n\t\t\t\t<\/div>\n\n\t\t\t\n\t\t\t\t<div class=\"item\" data-status=\"contracted\">\n\t\t\t\t\t<div class=\"target\" role=\"tab\" aria-expanded=\"false\" id=\"faqs-block_ea931b9ef04bf3b387c9900fade4a4d3-what-if-my-information-date-of-birth-or-zip-code-isnt-working-for-the-carepoint-text-when-i-try-to-confirm-my-information\">\n\t\t\t\t\t\t\u00bfQu\u00e9 sucede si mi informaci\u00f3n (fecha de nacimiento o c\u00f3digo postal) no funciona para el texto de CarePoint cuando intento confirmar mi informaci\u00f3n? <div class=\"target-icon\" aria-hidden=\"true\"><span><\/span><\/div>\n\t\t\t\t\t<\/div>\n\t\t\t\t\t<div class=\"panel\" role=\"tabpanel\" aria-hidden=\"true\" aria-labelledby=\"faqs-block_ea931b9ef04bf3b387c9900fade4a4d3-what-if-my-information-date-of-birth-or-zip-code-isnt-working-for-the-carepoint-text-when-i-try-to-confirm-my-information\">\n\t\t\t\t\t\t<div class=\"panel-content\">\n\t\t\t\t\t\t\t<p>Llame a CarePoint al 855.237.9112. Puede verificar la informaci\u00f3n con ellos directamente.<\/p>\n\t\t\t\t\t\t<\/div>\n\t\t\t\t\t<\/div>\n\t\t\t\t<\/div>\n\n\t\t\t\n\t\t\t\t<div class=\"item\" data-status=\"contracted\">\n\t\t\t\t\t<div class=\"target\" role=\"tab\" aria-expanded=\"false\" id=\"faqs-block_ea931b9ef04bf3b387c9900fade4a4d3-can-i-get-plan-b-the-morning-after-pill-or-emergency-contraception-if-i-also-get-another-birth-control-method\">\n\t\t\t\t\t\t\u00bfPuedo obtener el Plan B (la p\u00edldora del d\u00eda despu\u00e9s o la anticoncepci\u00f3n de emergencia) si tambi\u00e9n obtengo otro m\u00e9todo anticonceptivo? <div class=\"target-icon\" aria-hidden=\"true\"><span><\/span><\/div>\n\t\t\t\t\t<\/div>\n\t\t\t\t\t<div class=\"panel\" role=\"tabpanel\" aria-hidden=\"true\" aria-labelledby=\"faqs-block_ea931b9ef04bf3b387c9900fade4a4d3-can-i-get-plan-b-the-morning-after-pill-or-emergency-contraception-if-i-also-get-another-birth-control-method\">\n\t\t\t\t\t\t<div class=\"panel-content\">\n\t\t\t\t\t\t\t<p>\u00a1S\u00cd! Con gusto le proporcionaremos una receta para Plan B (la p\u00edldora del d\u00eda despu\u00e9s o anticoncepci\u00f3n de emergencia) junto con cualquier otro m\u00e9todo. Tambi\u00e9n puede obtenerla a trav\u00e9s de nuestro... <a href=\"https:\/\/path4you.org\/es\/free-emergency-contraception\/\">Programa EC GRATUITO<\/a>!<\/p>\n\t\t\t\t\t\t<\/div>\n\t\t\t\t\t<\/div>\n\t\t\t\t<\/div>\n\n\t\t\t\n\t\t\t\t<div class=\"item\" data-status=\"contracted\">\n\t\t\t\t\t<div class=\"target\" role=\"tab\" aria-expanded=\"false\" id=\"faqs-block_ea931b9ef04bf3b387c9900fade4a4d3-can-i-use-the-cvs-voucher-to-buy-over-the-counter-plan-b-the-morning-after-pill-or-emergency-contraception-or-other-related-over-the-counter-items\">\n\t\t\t\t\t\t\u00bfPuedo usar el cup\u00f3n de CVS para comprar el Plan B de venta libre (la p\u00edldora del d\u00eda despu\u00e9s o la anticoncepci\u00f3n de emergencia) u otros art\u00edculos de venta libre relacionados? <div class=\"target-icon\" aria-hidden=\"true\"><span><\/span><\/div>\n\t\t\t\t\t<\/div>\n\t\t\t\t\t<div class=\"panel\" role=\"tabpanel\" aria-hidden=\"true\" aria-labelledby=\"faqs-block_ea931b9ef04bf3b387c9900fade4a4d3-can-i-use-the-cvs-voucher-to-buy-over-the-counter-plan-b-the-morning-after-pill-or-emergency-contraception-or-other-related-over-the-counter-items\">\n\t\t\t\t\t\t<div class=\"panel-content\">\n\t\t\t\t\t\t\t<p>No, el bono no cubre cosas que no fueron prescritas. PERO con gusto le recetaremos el Plan B u otros art\u00edculos de venta libre, como condones, pruebas de embarazo y m\u00e1s; solo inf\u00f3rmele al proveedor cl\u00ednico durante su visita que los est\u00e1 solicitando.<\/p>\n\t\t\t\t\t\t<\/div>\n\t\t\t\t\t<\/div>\n\t\t\t\t<\/div>\n\n\t\t\t\n\t\t\t\t<div class=\"item\" data-status=\"contracted\">\n\t\t\t\t\t<div class=\"target\" role=\"tab\" aria-expanded=\"false\" id=\"faqs-block_ea931b9ef04bf3b387c9900fade4a4d3-how-do-i-know-if-my-cvs-or-pharmacy-accepts-my-voucher\">\n\t\t\t\t\t\t\u00bfC\u00f3mo s\u00e9 si mi CVS o farmacia acepta mi cup\u00f3n? <div class=\"target-icon\" aria-hidden=\"true\"><span><\/span><\/div>\n\t\t\t\t\t<\/div>\n\t\t\t\t\t<div class=\"panel\" role=\"tabpanel\" aria-hidden=\"true\" aria-labelledby=\"faqs-block_ea931b9ef04bf3b387c9900fade4a4d3-how-do-i-know-if-my-cvs-or-pharmacy-accepts-my-voucher\">\n\t\t\t\t\t\t<div class=\"panel-content\">\n\t\t\t\t\t\t\t<p>Todas las tiendas CVS en Indiana aceptan su cup\u00f3n. Y la mayor\u00eda de las farmacias tambi\u00e9n. Tenemos acuerdos con m\u00e1s de 1000 farmacias en Indiana. Si tiene dudas sobre si su farmacia est\u00e1 cubierta, \u00a1cons\u00faltenos por correo electr\u00f3nico!<\/p>\n<p>Si un farmac\u00e9utico no sabe c\u00f3mo procesar el cup\u00f3n o dice que no puede aceptarlo, qu\u00e9dese en la tienda y ll\u00e1menos al 317-278-7284 o env\u00edenos un correo electr\u00f3nico a <a href=\"mailto:path4you@iu.edu\">path4you@iu.edu<\/a>, normalmente podemos solucionar el problema en ese momento.<\/p>\n\t\t\t\t\t\t<\/div>\n\t\t\t\t\t<\/div>\n\t\t\t\t<\/div>\n\n\t\t\t\n\t\t\t\t<div class=\"item\" data-status=\"contracted\">\n\t\t\t\t\t<div class=\"target\" role=\"tab\" aria-expanded=\"false\" id=\"faqs-block_ea931b9ef04bf3b387c9900fade4a4d3-what-if-i-dont-like-the-birth-control-method-i-get\">\n\t\t\t\t\t\t\u00bfQu\u00e9 sucede si no me gusta el m\u00e9todo anticonceptivo que recibo? <div class=\"target-icon\" aria-hidden=\"true\"><span><\/span><\/div>\n\t\t\t\t\t<\/div>\n\t\t\t\t\t<div class=\"panel\" role=\"tabpanel\" aria-hidden=\"true\" aria-labelledby=\"faqs-block_ea931b9ef04bf3b387c9900fade4a4d3-what-if-i-dont-like-the-birth-control-method-i-get\">\n\t\t\t\t\t\t<div class=\"panel-content\">\n\t\t\t\t\t\t\t<p>Ven a vernos de nuevo, ya sea virtualmente o en persona. No hay l\u00edmite en la cantidad de veces que puede visitarnos. Queremos ayudarte a encontrar el m\u00e9todo adecuado para ti. Agenda otra cita en: <a href=\"https:\/\/path4you.org\/es\/schedule-appointment\/\">path4you.org\/schedule-appointment\/<\/a><\/p>\n\t\t\t\t\t\t<\/div>\n\t\t\t\t\t<\/div>\n\t\t\t\t<\/div>\n\n\t\t\t\t\t<\/div>\n\t<\/div>\n\n\n\n<div class=\"wp-block-column is-layout-flow wp-block-column-is-layout-flow\" style=\"flex-basis:15%\"><\/div>\n<\/div>\n\n\n\n<div class=\"wp-block-cover alignfull is-light\" style=\"min-height:50vh;aspect-ratio:unset;\"><span aria-hidden=\"true\" class=\"wp-block-cover__background has-purple-background-color has-background-dim-0 has-background-dim\"><\/span><img loading=\"lazy\" decoding=\"async\" width=\"1920\" height=\"540\" class=\"wp-block-cover__image-background wp-image-3840\" alt=\"\" src=\"https:\/\/path4you.org\/wp-content\/uploads\/2023\/11\/CTA-Module-Image.jpg\" data-object-fit=\"cover\" srcset=\"https:\/\/path4you.org\/wp-content\/uploads\/2023\/11\/CTA-Module-Image.jpg 1920w, https:\/\/path4you.org\/wp-content\/uploads\/2023\/11\/CTA-Module-Image-771x217.jpg 771w, https:\/\/path4you.org\/wp-content\/uploads\/2023\/11\/CTA-Module-Image-768x216.jpg 768w, https:\/\/path4you.org\/wp-content\/uploads\/2023\/11\/CTA-Module-Image-1536x432.jpg 1536w, https:\/\/path4you.org\/wp-content\/uploads\/2023\/11\/CTA-Module-Image-18x5.jpg 18w\" sizes=\"auto, (max-width: 1920px) 100vw, 1920px\" \/><div class=\"wp-block-cover__inner-container is-layout-flow wp-block-cover-is-layout-flow\">\n<div class=\"wp-block-uagb-advanced-heading uagb-block-d3bc1086\"><h2 class=\"uagb-heading-text\">Listo para tomar el control de<br>tu anticonceptivo?<\/h2><\/div>\n\n\n\n<div class=\"wp-block-uagb-marketing-button uagb-marketing-btn__align-center uagb-marketing-btn__align-text-center uagb-marketing-btn__icon-after uagb-block-a06b8cc4 wp-block-button\"><a href=\"http:\/\/path4you.org\/es\/our-programs\/birth-control-explorer\/\" class=\"uagb-marketing-btn__link wp-block-button__link\" target=\"\" rel=\"noopener noreferrer\"><span class=\"uagb-marketing-btn__title\">Empezar<\/span><\/a><\/div>\n<\/div><\/div>","protected":false},"excerpt":{"rendered":"","protected":false},"author":7,"featured_media":0,"parent":0,"menu_order":0,"comment_status":"closed","ping_status":"closed","template":"","meta":{"_acf_changed":false,"inline_featured_image":false,"_uag_custom_page_level_css":"","footnotes":""},"class_list":["post-2635","page","type-page","status-publish","hentry"],"acf":[],"uagb_featured_image_src":{"full":false,"thumbnail":false,"medium":false,"medium_large":false,"large":false,"1536x1536":false,"2048x2048":false,"trp-custom-language-flag":false,"gform-image-choice-sm":false,"gform-image-choice-md":false,"gform-image-choice-lg":false},"uagb_author_info":{"display_name":"Kathleen Wendholt","author_link":"https:\/\/path4you.org\/es\/author\/kathleen\/"},"uagb_comment_info":0,"uagb_excerpt":null,"_links":{"self":[{"href":"https:\/\/path4you.org\/es\/wp-json\/wp\/v2\/pages\/2635","targetHints":{"allow":["GET"]}}],"collection":[{"href":"https:\/\/path4you.org\/es\/wp-json\/wp\/v2\/pages"}],"about":[{"href":"https:\/\/path4you.org\/es\/wp-json\/wp\/v2\/types\/page"}],"author":[{"embeddable":true,"href":"https:\/\/path4you.org\/es\/wp-json\/wp\/v2\/users\/7"}],"replies":[{"embeddable":true,"href":"https:\/\/path4you.org\/es\/wp-json\/wp\/v2\/comments?post=2635"}],"version-history":[{"count":31,"href":"https:\/\/path4you.org\/es\/wp-json\/wp\/v2\/pages\/2635\/revisions"}],"predecessor-version":[{"id":4460,"href":"https:\/\/path4you.org\/es\/wp-json\/wp\/v2\/pages\/2635\/revisions\/4460"}],"wp:attachment":[{"href":"https:\/\/path4you.org\/es\/wp-json\/wp\/v2\/media?parent=2635"}],"curies":[{"name":"gracias","href":"https:\/\/api.w.org\/{rel}","templated":true}]}}