{"id":802,"date":"2021-06-29T18:45:59","date_gmt":"2021-06-29T22:45:59","guid":{"rendered":"http:\/\/path4you.org\/?page_id=802"},"modified":"2025-12-03T11:54:51","modified_gmt":"2025-12-03T16:54:51","slug":"faqs","status":"publish","type":"page","link":"http:\/\/path4you.org\/ht\/faqs\/","title":{"rendered":"FAQ"},"content":{"rendered":"<div class=\"wp-block-cover alignfull is-light has-custom-content-position is-position-center-right\" style=\"min-height:80vh;aspect-ratio:unset;\"><span aria-hidden=\"true\" class=\"wp-block-cover__background has-background-dim-0 has-background-dim has-background-gradient\" style=\"background:linear-gradient(90deg,rgba(133,32,101,0.6975) 51.76%,rgba(107,174,128,0.525) 89.36%)\"><\/span><img loading=\"lazy\" decoding=\"async\" width=\"1920\" height=\"1080\" class=\"wp-block-cover__image-background wp-image-3555\" alt=\"\" src=\"https:\/\/path4you.org\/wp-content\/uploads\/2023\/10\/FAQ-Images.jpg\" style=\"object-position:34% 34%\" data-object-fit=\"cover\" data-object-position=\"34% 34%\" srcset=\"https:\/\/path4you.org\/wp-content\/uploads\/2023\/10\/FAQ-Images.jpg 1920w, https:\/\/path4you.org\/wp-content\/uploads\/2023\/10\/FAQ-Images-771x434.jpg 771w, https:\/\/path4you.org\/wp-content\/uploads\/2023\/10\/FAQ-Images-768x432.jpg 768w, https:\/\/path4you.org\/wp-content\/uploads\/2023\/10\/FAQ-Images-1536x864.jpg 1536w, https:\/\/path4you.org\/wp-content\/uploads\/2023\/10\/FAQ-Images-18x10.jpg 18w\" sizes=\"auto, (max-width: 1920px) 100vw, 1920px\" \/><div class=\"wp-block-cover__inner-container is-layout-flow wp-block-cover-is-layout-flow\">\n<h2 class=\"wp-block-heading has-text-align-center padding-right-heading has-white-color has-text-color has-huge-font-size\">FAQ<\/h2>\n<\/div><\/div>\n\n\n\n<div style=\"height:40px\" aria-hidden=\"true\" class=\"wp-block-spacer\"><\/div>\n\n\n\n<div class=\"wp-block-columns is-layout-flex wp-container-core-columns-is-layout-9d6595d7 wp-block-columns-is-layout-flex\">\n<div class=\"wp-block-column is-layout-flow wp-block-column-is-layout-flow\" style=\"flex-basis:15%\"><\/div>\n\n\n\n<div class=\"wp-block-column is-layout-flow wp-block-column-is-layout-flow\" style=\"flex-basis:70%\">\t\t\t<div id=\"faqs-block_61793e40dc535ffb683902cfbf906903\" class=\"faqs\" role=\"tablist\" aria-multiselectable=\"true\">\n\t\t\t\n\t\t\t\t<div class=\"item\" data-status=\"contracted\">\n\t\t\t\t\t<div class=\"target\" role=\"tab\" aria-expanded=\"false\" id=\"faqs-block_61793e40dc535ffb683902cfbf906903-can-i-get-a-specific-brand-of-birth-control\">\n\t\t\t\t\t\t\u00c8ske mwen ka jwenn yon mak kontraseptif espesifik? <div class=\"target-icon\" aria-hidden=\"true\"><span><\/span><\/div>\n\t\t\t\t\t<\/div>\n\t\t\t\t\t<div class=\"panel\" role=\"tabpanel\" aria-hidden=\"true\" aria-labelledby=\"faqs-block_61793e40dc535ffb683902cfbf906903-can-i-get-a-specific-brand-of-birth-control\">\n\t\t\t\t\t\t<div class=\"panel-content\">\n\t\t\t\t\t\t\t<p data-pm-slice=\"1 1 []\">Wi. Si ou konnen ou ka s\u00e8lman itilize yon mak espesifik oswa ou gen yon preferans, f\u00e8 nou konnen pandan randevou a. Founis\u00e8 nou yo ap f\u00e8 tout sa yo kapab pou preskri met\u00f2d oswa mak ki pi bon pou ou a.<\/p>\n\t\t\t\t\t\t<\/div>\n\t\t\t\t\t<\/div>\n\t\t\t\t<\/div>\n\n\t\t\t\n\t\t\t\t<div class=\"item\" data-status=\"contracted\">\n\t\t\t\t\t<div class=\"target\" role=\"tab\" aria-expanded=\"false\" id=\"faqs-block_61793e40dc535ffb683902cfbf906903-does-path4you-serve-lgbtq-patients\">\n\t\t\t\t\t\t\u00c8ske PATH4YOU s\u00e8vi pasyan LGBTQ+ yo? <div class=\"target-icon\" aria-hidden=\"true\"><span><\/span><\/div>\n\t\t\t\t\t<\/div>\n\t\t\t\t\t<div class=\"panel\" role=\"tabpanel\" aria-hidden=\"true\" aria-labelledby=\"faqs-block_61793e40dc535ffb683902cfbf906903-does-path4you-serve-lgbtq-patients\">\n\t\t\t\t\t\t<div class=\"panel-content\">\n\t\t\t\t\t\t\t<p data-pm-slice=\"1 1 []\">Absoliman! PATH4YOU se pou tout moun\u2014k\u00e8lkeswa idantite seksy\u00e8l, oryantasyon seksy\u00e8l, oswa sitiyasyon familyal yo. Nou bay swen enklizif ak afimatif epi nou travay pou asire ke tout pasyan yo santi yo byenveni.<\/p>\n\t\t\t\t\t\t<\/div>\n\t\t\t\t\t<\/div>\n\t\t\t\t<\/div>\n\n\t\t\t\n\t\t\t\t<div class=\"item\" data-status=\"contracted\">\n\t\t\t\t\t<div class=\"target\" role=\"tab\" aria-expanded=\"false\" id=\"faqs-block_61793e40dc535ffb683902cfbf906903-ive-had-a-bad-experience-with-birth-control-in-the-past-how-is-path4you-different\">\n\t\t\t\t\t\tMwen te deja gen yon move eksperyans ak kontrasepsyon. Ki diferans ki genyen ak PATH4YOU? <div class=\"target-icon\" aria-hidden=\"true\"><span><\/span><\/div>\n\t\t\t\t\t<\/div>\n\t\t\t\t\t<div class=\"panel\" role=\"tabpanel\" aria-hidden=\"true\" aria-labelledby=\"faqs-block_61793e40dc535ffb683902cfbf906903-ive-had-a-bad-experience-with-birth-control-in-the-past-how-is-path4you-different\">\n\t\t\t\t\t\t<div class=\"panel-content\">\n\t\t\t\t\t\t\t<p data-pm-slice=\"1 1 []\">Nou tande sa souvan. Nan PATH4YOU, vwa ou an premye. Founis\u00e8 nou yo koute eksperyans ou yo, pale sou opsyon yo, epi respekte preferans ou yo. Ou p ap janm santi yo oblije chwazi yon met\u00f2d ou pa vle. Nou la pou ede w jwenn sa ki bon pou k\u00f2 w ak lavi w.<\/p>\n\t\t\t\t\t\t<\/div>\n\t\t\t\t\t<\/div>\n\t\t\t\t<\/div>\n\n\t\t\t\n\t\t\t\t<div class=\"item\" data-status=\"contracted\">\n\t\t\t\t\t<div class=\"target\" role=\"tab\" aria-expanded=\"false\" id=\"faqs-block_61793e40dc535ffb683902cfbf906903-do-i-need-to-be-a-u-s-citizen-or-have-specific-ids-to-use-path4you\">\n\t\t\t\t\t\t\u00c8ske mwen bezwen yon sitwayen ameriken oswa \u00e8ske mwen bezwen gen kat idantite espesifik pou mwen itilize PATH4YOU? <div class=\"target-icon\" aria-hidden=\"true\"><span><\/span><\/div>\n\t\t\t\t\t<\/div>\n\t\t\t\t\t<div class=\"panel\" role=\"tabpanel\" aria-hidden=\"true\" aria-labelledby=\"faqs-block_61793e40dc535ffb683902cfbf906903-do-i-need-to-be-a-u-s-citizen-or-have-specific-ids-to-use-path4you\">\n\t\t\t\t\t\t<div class=\"panel-content\">\n\t\t\t\t\t\t\t<p data-pm-slice=\"1 1 []\">Non. PATH4YOU pa poze kesyon sou sitway\u00e8nte\/sitway\u00e8nte\/dokimantasyon oubyen verifye yo. S\u00e8vis nou yo disponib pou <em>nenp\u00f2t moun<\/em> ap viv nan Indiana, k\u00e8lkeswa sitiyasyon imigrasyon ou oswa kalite idantifikasyon ou genyen an.<\/p>\n\t\t\t\t\t\t<\/div>\n\t\t\t\t\t<\/div>\n\t\t\t\t<\/div>\n\n\t\t\t\n\t\t\t\t<div class=\"item\" data-status=\"contracted\">\n\t\t\t\t\t<div class=\"target\" role=\"tab\" aria-expanded=\"false\" id=\"faqs-block_61793e40dc535ffb683902cfbf906903-do-you-offer-services-in-spanish-burmese-haitian-creole-or-other-languages\">\n\t\t\t\t\t\t\u00c8ske ou ofri s\u00e8vis an pany\u00f2l, birman, krey\u00f2l Ayisyen, oswa l\u00f2t lang? <div class=\"target-icon\" aria-hidden=\"true\"><span><\/span><\/div>\n\t\t\t\t\t<\/div>\n\t\t\t\t\t<div class=\"panel\" role=\"tabpanel\" aria-hidden=\"true\" aria-labelledby=\"faqs-block_61793e40dc535ffb683902cfbf906903-do-you-offer-services-in-spanish-burmese-haitian-creole-or-other-languages\">\n\t\t\t\t\t\t<div class=\"panel-content\">\n\t\t\t\t\t\t\t<p data-pm-slice=\"1 1 []\">Wi. Si ou prefere swen an pany\u00f2l, birman, krey\u00f2l Ayisyen, oswa yon l\u00f2t lang, f\u00e8 nou konnen. N ap f\u00e8 tout sa nou kapab pou nou mete ou an kontak ak yon founis\u00e8 ki ka ede ou. Anplis de sa, sit ent\u00e8n\u00e8t nou an ofri resous nan plizy\u00e8 lang pou ede f\u00e8 swen an pi aksesib.<\/p>\n\t\t\t\t\t\t<\/div>\n\t\t\t\t\t<\/div>\n\t\t\t\t<\/div>\n\n\t\t\t\n\t\t\t\t<div class=\"item\" data-status=\"contracted\">\n\t\t\t\t\t<div class=\"target\" role=\"tab\" aria-expanded=\"false\" id=\"faqs-block_61793e40dc535ffb683902cfbf906903-is-the-information-i-enter-online-or-during-my-appointment-secure\">\n\t\t\t\t\t\t\u00c8ske enf\u00f2masyon mwen antre sou ent\u00e8n\u00e8t la oubyen pandan randevou mwen an an sekirite? <div class=\"target-icon\" aria-hidden=\"true\"><span><\/span><\/div>\n\t\t\t\t\t<\/div>\n\t\t\t\t\t<div class=\"panel\" role=\"tabpanel\" aria-hidden=\"true\" aria-labelledby=\"faqs-block_61793e40dc535ffb683902cfbf906903-is-the-information-i-enter-online-or-during-my-appointment-secure\">\n\t\t\t\t\t\t<div class=\"panel-content\">\n\t\t\t\t\t\t\t<p data-pm-slice=\"1 1 []\">Wi. Pwoteje vi prive w se yon pi gwo priyorite. Kit ou mande kontrasepsyon ijans gratis atrav\u00e8 pwogram Julie nou an oswa ou ale nan yon randevou an p\u00e8s\u00f2n oswa nan yon randevou pou telesante, enf\u00f2masyon p\u00e8son\u00e8l ou yo rete konfidansy\u00e8l epi an sekirite. Yo itilize enf\u00f2masyon ou yo s\u00e8lman pou ba ou swen ak s\u00e8vis ou mande yo.<\/p>\n\t\t\t\t\t\t<\/div>\n\t\t\t\t\t<\/div>\n\t\t\t\t<\/div>\n\n\t\t\t\n\t\t\t\t<div class=\"item\" data-status=\"contracted\">\n\t\t\t\t\t<div class=\"target\" role=\"tab\" aria-expanded=\"false\" id=\"faqs-block_61793e40dc535ffb683902cfbf906903-how-is-the-birth-control-free\">\n\t\t\t\t\t\tKi jan kontw\u00f2l nesans la gratis? <div class=\"target-icon\" aria-hidden=\"true\"><span><\/span><\/div>\n\t\t\t\t\t<\/div>\n\t\t\t\t\t<div class=\"panel\" role=\"tabpanel\" aria-hidden=\"true\" aria-labelledby=\"faqs-block_61793e40dc535ffb683902cfbf906903-how-is-the-birth-control-free\">\n\t\t\t\t\t\t<div class=\"panel-content\">\n\t\t\t\t\t\t\t<p>Pwogram Path4You f\u00e8 patenarya ak famasi ak s\u00e8vis livrezon preskripsyon ki voye b\u00f2dwo pwogram nou an pou k\u00e8k oswa tout pri a! Kontw\u00f2l nesans la pa gratis pou nou, men li gratis pou ou!<\/p>\n\t\t\t\t\t\t<\/div>\n\t\t\t\t\t<\/div>\n\t\t\t\t<\/div>\n\n\t\t\t\n\t\t\t\t<div class=\"item\" data-status=\"contracted\">\n\t\t\t\t\t<div class=\"target\" role=\"tab\" aria-expanded=\"false\" id=\"faqs-block_61793e40dc535ffb683902cfbf906903-how-do-i-get-the-birth-control\">\n\t\t\t\t\t\tKouman pou mwen jwenn kontw\u00f2l nesans la? <div class=\"target-icon\" aria-hidden=\"true\"><span><\/span><\/div>\n\t\t\t\t\t<\/div>\n\t\t\t\t\t<div class=\"panel\" role=\"tabpanel\" aria-hidden=\"true\" aria-labelledby=\"faqs-block_61793e40dc535ffb683902cfbf906903-how-do-i-get-the-birth-control\">\n\t\t\t\t\t\t<div class=\"panel-content\">\n\t\t\t\t\t\t\t<p>Apre konsiltasyon vity\u00e8l oswa an p\u00e8s\u00f2n ou a, y ap voye yon preskripsyon nan famasi lokal ou a oswa CarePoint Pharmacy ka pa lap\u00f2s kontw\u00f2l nesans la ba ou. Si w te chwazi yon met\u00f2d kontw\u00f2l nesans pandan yon konsiltasyon telesante ki mande pou yon pwosedi ens\u00e8syon, n ap pran yon randevou an p\u00e8s\u00f2n nan 1-2 jou apre premye konsiltasyon telesante w la.<\/p>\n\t\t\t\t\t\t<\/div>\n\t\t\t\t\t<\/div>\n\t\t\t\t<\/div>\n\n\t\t\t\n\t\t\t\t<div class=\"item\" data-status=\"contracted\">\n\t\t\t\t\t<div class=\"target\" role=\"tab\" aria-expanded=\"false\" id=\"faqs-block_61793e40dc535ffb683902cfbf906903-how-does-a-telehealth-visit-work\">\n\t\t\t\t\t\tKi jan yon vizit telesante travay? <div class=\"target-icon\" aria-hidden=\"true\"><span><\/span><\/div>\n\t\t\t\t\t<\/div>\n\t\t\t\t\t<div class=\"panel\" role=\"tabpanel\" aria-hidden=\"true\" aria-labelledby=\"faqs-block_61793e40dc535ffb683902cfbf906903-how-does-a-telehealth-visit-work\">\n\t\t\t\t\t\t<div class=\"panel-content\">\n\t\t\t\t\t\t\t<p>Ou ka pran randevou a sou sit ent\u00e8n\u00e8t nou an <a href=\"http:\/\/path4you.org\/ht\/providers\/\" target=\"_blank\" rel=\"noopener\">isit la<\/a>, epi w ap resevwa yon lyen pa imel oswa t\u00e8ks pou rantre nan randevou vity\u00e8l la nan telef\u00f2n ou oswa \u00f2dinat\u00e8 w.<\/p>\n\t\t\t\t\t\t<\/div>\n\t\t\t\t\t<\/div>\n\t\t\t\t<\/div>\n\n\t\t\t\n\t\t\t\t<div class=\"item\" data-status=\"contracted\">\n\t\t\t\t\t<div class=\"target\" role=\"tab\" aria-expanded=\"false\" id=\"faqs-block_61793e40dc535ffb683902cfbf906903-do-i-have-to-participate-in-research-to-be-in-this-program\">\n\t\t\t\t\t\t\u00c8ske mwen oblije patisipe nan rech\u00e8ch pou mwen nan pwogram sa a? <div class=\"target-icon\" aria-hidden=\"true\"><span><\/span><\/div>\n\t\t\t\t\t<\/div>\n\t\t\t\t\t<div class=\"panel\" role=\"tabpanel\" aria-hidden=\"true\" aria-labelledby=\"faqs-block_61793e40dc535ffb683902cfbf906903-do-i-have-to-participate-in-research-to-be-in-this-program\">\n\t\t\t\t\t\t<div class=\"panel-content\">\n\t\t\t\t\t\t\t<p>Non! Ou ka resevwa s\u00e8vis PATH4YOU san w pa patisipe nan etid rech\u00e8ch la.<\/p>\n\t\t\t\t\t\t<\/div>\n\t\t\t\t\t<\/div>\n\t\t\t\t<\/div>\n\n\t\t\t\n\t\t\t\t<div class=\"item\" data-status=\"contracted\">\n\t\t\t\t\t<div class=\"target\" role=\"tab\" aria-expanded=\"false\" id=\"faqs-block_61793e40dc535ffb683902cfbf906903-what-do-i-do-if-i-go-to-pick-up-my-birth-control-and-i-do-have-to-pay\">\n\t\t\t\t\t\tKisa pou m f\u00e8 si m ale pran kontw\u00f2l nesans mwen, epi mwen oblije peye? <div class=\"target-icon\" aria-hidden=\"true\"><span><\/span><\/div>\n\t\t\t\t\t<\/div>\n\t\t\t\t\t<div class=\"panel\" role=\"tabpanel\" aria-hidden=\"true\" aria-labelledby=\"faqs-block_61793e40dc535ffb683902cfbf906903-what-do-i-do-if-i-go-to-pick-up-my-birth-control-and-i-do-have-to-pay\">\n\t\t\t\t\t\t<div class=\"panel-content\">\n\t\t\t\t\t\t\t<p>Si pou nenp\u00f2t rezon pri a vin yon pwobl\u00e8m pou w jwenn aks\u00e8 nan kontw\u00f2l nesans ou, tanpri f\u00e8 nou konnen. Ou ka kontakte nou pa imel (<a href=\"mailto:path4you@iu.edu\">path4you@iu.edu<\/a>) oswa telef\u00f2n (317.278.7284). Tanpri kontakte!<\/p>\n\t\t\t\t\t\t<\/div>\n\t\t\t\t\t<\/div>\n\t\t\t\t<\/div>\n\n\t\t\t\n\t\t\t\t<div class=\"item\" data-status=\"contracted\">\n\t\t\t\t\t<div class=\"target\" role=\"tab\" aria-expanded=\"false\" id=\"faqs-block_61793e40dc535ffb683902cfbf906903-what-if-im-under-18-years-old\">\n\t\t\t\t\t\tE si mwen &#039;mwen poko gen 18 an? <div class=\"target-icon\" aria-hidden=\"true\"><span><\/span><\/div>\n\t\t\t\t\t<\/div>\n\t\t\t\t\t<div class=\"panel\" role=\"tabpanel\" aria-hidden=\"true\" aria-labelledby=\"faqs-block_61793e40dc535ffb683902cfbf906903-what-if-im-under-18-years-old\">\n\t\t\t\t\t\t<div class=\"panel-content\">\n\t\t\t\t\t\t\t<p>Nou ka toujou ede w! Klinik vizit vity\u00e8l nou an mande p\u00e8misyon paran, men klinik patn\u00e8 nou an, <a href=\"https:\/\/infpc.org\/locations\/\" target=\"_blank\" rel=\"noopener\">Klinik Planifikasyon Fanmi Indiana<\/a>, pa f\u00e8 sa.<\/p>\n\t\t\t\t\t\t<\/div>\n\t\t\t\t\t<\/div>\n\t\t\t\t<\/div>\n\n\t\t\t\n\t\t\t\t<div class=\"item\" data-status=\"contracted\">\n\t\t\t\t\t<div class=\"target\" role=\"tab\" aria-expanded=\"false\" id=\"faqs-block_61793e40dc535ffb683902cfbf906903-is-there-an-upper-age-limit-to-receive-care-through-path4you\">\n\t\t\t\t\t\t\u00c8ske gen yon limit sipery\u00e8 pou resevwa swen atrav\u00e8 PATH4YOU? <div class=\"target-icon\" aria-hidden=\"true\"><span><\/span><\/div>\n\t\t\t\t\t<\/div>\n\t\t\t\t\t<div class=\"panel\" role=\"tabpanel\" aria-hidden=\"true\" aria-labelledby=\"faqs-block_61793e40dc535ffb683902cfbf906903-is-there-an-upper-age-limit-to-receive-care-through-path4you\">\n\t\t\t\t\t\t<div class=\"panel-content\">\n\t\t\t\t\t\t\t<p>Wi, si w gen 49 an oswa plis, pwogram nou an pa pi bon pou ou.<\/p>\n\t\t\t\t\t\t<\/div>\n\t\t\t\t\t<\/div>\n\t\t\t\t<\/div>\n\n\t\t\t\n\t\t\t\t<div class=\"item\" data-status=\"contracted\">\n\t\t\t\t\t<div class=\"target\" role=\"tab\" aria-expanded=\"false\" id=\"faqs-block_61793e40dc535ffb683902cfbf906903-what-can-i-expect-during-a-visit\">\n\t\t\t\t\t\tKisa mwen ka atann pandan yon vizit? <div class=\"target-icon\" aria-hidden=\"true\"><span><\/span><\/div>\n\t\t\t\t\t<\/div>\n\t\t\t\t\t<div class=\"panel\" role=\"tabpanel\" aria-hidden=\"true\" aria-labelledby=\"faqs-block_61793e40dc535ffb683902cfbf906903-what-can-i-expect-during-a-visit\">\n\t\t\t\t\t\t<div class=\"panel-content\">\n\t\t\t\t\t\t\t<p>Yon egzamen fizik n\u00f2malman pa neses\u00e8 anvan ou k\u00f2manse kontw\u00f2l nesans. Kit ou gen yon randevou vity\u00e8l oswa yon randevou an p\u00e8s\u00f2n - vizit ou a pral sitou pale ak youn nan founis\u00e8 awizom nou yo sou volonte ou ak eksperyans ak kontw\u00f2l nesans.<\/p>\n\t\t\t\t\t\t<\/div>\n\t\t\t\t\t<\/div>\n\t\t\t\t<\/div>\n\n\t\t\t\n\t\t\t\t<div class=\"item\" data-status=\"contracted\">\n\t\t\t\t\t<div class=\"target\" role=\"tab\" aria-expanded=\"false\" id=\"faqs-block_61793e40dc535ffb683902cfbf906903-what-can-i-expect-after-a-visit\">\n\t\t\t\t\t\tKisa mwen ka atann apre yon vizit? <div class=\"target-icon\" aria-hidden=\"true\"><span><\/span><\/div>\n\t\t\t\t\t<\/div>\n\t\t\t\t\t<div class=\"panel\" role=\"tabpanel\" aria-hidden=\"true\" aria-labelledby=\"faqs-block_61793e40dc535ffb683902cfbf906903-what-can-i-expect-after-a-visit\">\n\t\t\t\t\t\t<div class=\"panel-content\">\n\t\t\t\t\t\t\t<p>L\u00e8 ou deside ki opsyon kontrasepsyon ki pi bon pou ou, founis\u00e8 a ka ekri yon preskripsyon pou yon famasi lokal oswa ou ka f\u00e8 yo voye preskripsyon an ba ou pa lap\u00f2s atrav\u00e8 Carepoint, yon famasi ki voye lap\u00f2s, nan yon adr\u00e8s ki apwopriye pou ou. Si ou te f\u00e8 yon vizit vity\u00e8l epi ou te deside sou yon met\u00f2d ki mande plasman, ou ka pran yon randevou an p\u00e8s\u00f2n sou sit ent\u00e8n\u00e8t nou an. Si ou gen nenp\u00f2t pwobl\u00e8m, ou ka kontakte nou!<\/p>\n\t\t\t\t\t\t<\/div>\n\t\t\t\t\t<\/div>\n\t\t\t\t<\/div>\n\n\t\t\t\n\t\t\t\t<div class=\"item\" data-status=\"contracted\">\n\t\t\t\t\t<div class=\"target\" role=\"tab\" aria-expanded=\"false\" id=\"faqs-block_61793e40dc535ffb683902cfbf906903-what-if-i-dont-want-birth-control-or-change-my-mind-after-the-visits\">\n\t\t\t\t\t\tE si mwen pa vle kontw\u00f2l nesans? Oswa chanje lide apre vizit yo? <div class=\"target-icon\" aria-hidden=\"true\"><span><\/span><\/div>\n\t\t\t\t\t<\/div>\n\t\t\t\t\t<div class=\"panel\" role=\"tabpanel\" aria-hidden=\"true\" aria-labelledby=\"faqs-block_61793e40dc535ffb683902cfbf906903-what-if-i-dont-want-birth-control-or-change-my-mind-after-the-visits\">\n\t\t\t\t\t\t<div class=\"panel-content\">\n\t\t\t\t\t\t\t<p>Nou absoliman sip\u00f2te tout desizyon ak objektif pasyan nou yo. Ou deside ki l\u00e8 ak si ou vle pran kontw\u00f2l nesans epi nou pral ede w konekte ak swen ou bezwen an.<\/p>\n\t\t\t\t\t\t<\/div>\n\t\t\t\t\t<\/div>\n\t\t\t\t<\/div>\n\n\t\t\t\n\t\t\t\t<div class=\"item\" data-status=\"contracted\">\n\t\t\t\t\t<div class=\"target\" role=\"tab\" aria-expanded=\"false\" id=\"faqs-block_61793e40dc535ffb683902cfbf906903-what-if-im-trying-to-get-pregnant-or-am-already-pregnant\">\n\t\t\t\t\t\tE si m ap eseye vin ansent oswa mwen deja ansent? <div class=\"target-icon\" aria-hidden=\"true\"><span><\/span><\/div>\n\t\t\t\t\t<\/div>\n\t\t\t\t\t<div class=\"panel\" role=\"tabpanel\" aria-hidden=\"true\" aria-labelledby=\"faqs-block_61793e40dc535ffb683902cfbf906903-what-if-im-trying-to-get-pregnant-or-am-already-pregnant\">\n\t\t\t\t\t\t<div class=\"panel-content\">\n\t\t\t\t\t\t\t<p>Nou pa bay swen gwos\u00e8s atrav\u00e8 pwogram sa a, men nou ka ede w jwenn swen ou bezwen an si w kontakte nou nan <a href=\"mailto:path4you@iu.edu\">path4you@iu.edu<\/a> oswa 317.278.7284.<\/p>\n\t\t\t\t\t\t<\/div>\n\t\t\t\t\t<\/div>\n\t\t\t\t<\/div>\n\n\t\t\t\n\t\t\t\t<div class=\"item\" data-status=\"contracted\">\n\t\t\t\t\t<div class=\"target\" role=\"tab\" aria-expanded=\"false\" id=\"faqs-block_61793e40dc535ffb683902cfbf906903-what-if-i-want-to-try-another-method-of-birth-control-after-my-visit\">\n\t\t\t\t\t\tE si mwen vle eseye yon l\u00f2t met\u00f2d kontw\u00f2l nesans apre vizit mwen an? <div class=\"target-icon\" aria-hidden=\"true\"><span><\/span><\/div>\n\t\t\t\t\t<\/div>\n\t\t\t\t\t<div class=\"panel\" role=\"tabpanel\" aria-hidden=\"true\" aria-labelledby=\"faqs-block_61793e40dc535ffb683902cfbf906903-what-if-i-want-to-try-another-method-of-birth-control-after-my-visit\">\n\t\t\t\t\t\t<div class=\"panel-content\">\n\t\t\t\t\t\t\t<p>Tounen vin w\u00e8 nou ank\u00f2! Nou vle kontinye ede w jwenn chemen ki bon pou ou! Pran yon l\u00f2t randevou vity\u00e8l oswa an p\u00e8s\u00f2n ak pwogram nou an pou nou ka ch\u00e8che konnen ki l\u00f2t met\u00f2d ki ka pi bon pou ou.<\/p>\n\t\t\t\t\t\t<\/div>\n\t\t\t\t\t<\/div>\n\t\t\t\t<\/div>\n\n\t\t\t\n\t\t\t\t<div class=\"item\" data-status=\"contracted\">\n\t\t\t\t\t<div class=\"target\" role=\"tab\" aria-expanded=\"false\" id=\"faqs-block_61793e40dc535ffb683902cfbf906903-what-if-im-having-side-effects-from-my-method\">\n\t\t\t\t\t\tE si mwen gen ef\u00e8 segond\u00e8 nan met\u00f2d mwen an? <div class=\"target-icon\" aria-hidden=\"true\"><span><\/span><\/div>\n\t\t\t\t\t<\/div>\n\t\t\t\t\t<div class=\"panel\" role=\"tabpanel\" aria-hidden=\"true\" aria-labelledby=\"faqs-block_61793e40dc535ffb683902cfbf906903-what-if-im-having-side-effects-from-my-method\">\n\t\t\t\t\t\t<div class=\"panel-content\">\n\t\t\t\t\t\t\t<p>Ou ka pran yon randevou vity\u00e8l ak manm ekip nou an oswa nan klinik patn\u00e8 nou yo pou ede jere ef\u00e8 segond\u00e8 yo. Si w gen pwobl\u00e8m pou jwenn yon founis\u00e8, tanpri kontakte nou pa imel oswa telef\u00f2n epi nou ka ede w.<\/p>\n\t\t\t\t\t\t<\/div>\n\t\t\t\t\t<\/div>\n\t\t\t\t<\/div>\n\n\t\t\t\n\t\t\t\t<div class=\"item\" data-status=\"contracted\">\n\t\t\t\t\t<div class=\"target\" role=\"tab\" aria-expanded=\"false\" id=\"faqs-block_61793e40dc535ffb683902cfbf906903-what-if-i-want-to-remove-my-intrauterine-device-iud-or-nexplanon\">\n\t\t\t\t\t\tE si mwen vle retire apar\u00e8y entrauterin (IUD) mwen oswa Nexplanon? <div class=\"target-icon\" aria-hidden=\"true\"><span><\/span><\/div>\n\t\t\t\t\t<\/div>\n\t\t\t\t\t<div class=\"panel\" role=\"tabpanel\" aria-hidden=\"true\" aria-labelledby=\"faqs-block_61793e40dc535ffb683902cfbf906903-what-if-i-want-to-remove-my-intrauterine-device-iud-or-nexplanon\">\n\t\t\t\t\t\t<div class=\"panel-content\">\n\t\t\t\t\t\t\t<p>Nou angaje nou pou fanm yo gen otonomi sou k\u00f2 yo ak sou kontrasepsyon yo itilize oswa pa itilize. Menm si se pa nou ki te mete apar\u00e8y kontraseptif la! Tanpri kontakte nou oswa ale sou sit ent\u00e8n\u00e8t nou an epi pran yon randevou.<\/p>\n\t\t\t\t\t\t<\/div>\n\t\t\t\t\t<\/div>\n\t\t\t\t<\/div>\n\n\t\t\t\n\t\t\t\t<div class=\"item\" data-status=\"contracted\">\n\t\t\t\t\t<div class=\"target\" role=\"tab\" aria-expanded=\"false\" id=\"faqs-block_61793e40dc535ffb683902cfbf906903-what-if-i-get-a-bill-for-my-appointment\">\n\t\t\t\t\t\tE si mwen resevwa yon b\u00f2dwo pou randevou mwen an? <div class=\"target-icon\" aria-hidden=\"true\"><span><\/span><\/div>\n\t\t\t\t\t<\/div>\n\t\t\t\t\t<div class=\"panel\" role=\"tabpanel\" aria-hidden=\"true\" aria-labelledby=\"faqs-block_61793e40dc535ffb683902cfbf906903-what-if-i-get-a-bill-for-my-appointment\">\n\t\t\t\t\t\t<div class=\"panel-content\">\n\t\t\t\t\t\t\t<p>Sa pa ta dwe rive, men si li f\u00e8 sa, tanpri kontakte nou pou nou ka ede. Ou ka kontakte nou nan <a href=\"mailto:path4you@iu.edu\">path4you@iu.edu<\/a> oswa 317.278.7284.<\/p>\n\t\t\t\t\t\t<\/div>\n\t\t\t\t\t<\/div>\n\t\t\t\t<\/div>\n\n\t\t\t\n\t\t\t\t<div class=\"item\" data-status=\"contracted\">\n\t\t\t\t\t<div class=\"target\" role=\"tab\" aria-expanded=\"false\" id=\"faqs-block_61793e40dc535ffb683902cfbf906903-does-path4you-pay-for-other-related-services-like-sti-testing-or-pap-smears\">\n\t\t\t\t\t\t\u00c8ske PATH4YOU peye pou l\u00f2t s\u00e8vis ki gen rap\u00f2\u2014tankou t\u00e8s depistaj IST oswa t\u00e8s Pap? <div class=\"target-icon\" aria-hidden=\"true\"><span><\/span><\/div>\n\t\t\t\t\t<\/div>\n\t\t\t\t\t<div class=\"panel\" role=\"tabpanel\" aria-hidden=\"true\" aria-labelledby=\"faqs-block_61793e40dc535ffb683902cfbf906903-does-path4you-pay-for-other-related-services-like-sti-testing-or-pap-smears\">\n\t\t\t\t\t\t<div class=\"panel-content\">\n\t\t\t\t\t\t\t<p>Li komen pou IST ak t\u00e8s Pap routin f\u00e8 pati yon vizit kontrasepsyon. Sepandan, sip\u00f2 depans nou an se <em>s\u00e8lman<\/em> pou pati kontrasepsyon vizit ou a. Si ou chwazi f\u00e8 plis t\u00e8s pandan vizit sa a, ka gen yon pri oswa yon chaj ke ou pral responsab.<\/p>\n\t\t\t\t\t\t<\/div>\n\t\t\t\t\t<\/div>\n\t\t\t\t<\/div>\n\n\t\t\t\t\t<\/div>\n\t<\/div>\n\n\n\n<div class=\"wp-block-column is-layout-flow wp-block-column-is-layout-flow\" style=\"flex-basis:15%\"><\/div>\n<\/div>\n\n\n\n<div class=\"wp-block-cover alignfull is-light\" style=\"min-height:50vh;aspect-ratio:unset;\"><span aria-hidden=\"true\" class=\"wp-block-cover__background has-purple-background-color has-background-dim-0 has-background-dim\"><\/span><img loading=\"lazy\" decoding=\"async\" width=\"1920\" height=\"540\" class=\"wp-block-cover__image-background wp-image-3840\" alt=\"\" src=\"https:\/\/path4you.org\/wp-content\/uploads\/2023\/11\/CTA-Module-Image.jpg\" data-object-fit=\"cover\" srcset=\"https:\/\/path4you.org\/wp-content\/uploads\/2023\/11\/CTA-Module-Image.jpg 1920w, https:\/\/path4you.org\/wp-content\/uploads\/2023\/11\/CTA-Module-Image-771x217.jpg 771w, https:\/\/path4you.org\/wp-content\/uploads\/2023\/11\/CTA-Module-Image-768x216.jpg 768w, https:\/\/path4you.org\/wp-content\/uploads\/2023\/11\/CTA-Module-Image-1536x432.jpg 1536w, https:\/\/path4you.org\/wp-content\/uploads\/2023\/11\/CTA-Module-Image-18x5.jpg 18w\" sizes=\"auto, (max-width: 1920px) 100vw, 1920px\" \/><div class=\"wp-block-cover__inner-container is-layout-flow wp-block-cover-is-layout-flow\">\n<div class=\"wp-block-uagb-advanced-heading uagb-block-d3bc1086\"><h2 class=\"uagb-heading-text\">Pare pou pran kontw\u00f2l<br>kontw\u00f2l nesans ou a?<\/h2><\/div>\n\n\n\n<div class=\"wp-block-uagb-marketing-button uagb-marketing-btn__align-center uagb-marketing-btn__align-text-center uagb-marketing-btn__icon-after uagb-block-a06b8cc4 wp-block-button\"><a href=\"http:\/\/path4you.org\/ht\/our-programs\/birth-control-explorer\/\" class=\"uagb-marketing-btn__link wp-block-button__link\" target=\"\" rel=\"noopener noreferrer\"><span class=\"uagb-marketing-btn__title\">K\u00f2manse<\/span><\/a><\/div>\n<\/div><\/div>","protected":false},"excerpt":{"rendered":"","protected":false},"author":2,"featured_media":0,"parent":0,"menu_order":0,"comment_status":"closed","ping_status":"closed","template":"","meta":{"_acf_changed":false,"inline_featured_image":false,"_uag_custom_page_level_css":"","footnotes":""},"class_list":["post-802","page","type-page","status-publish","hentry"],"acf":[],"uagb_featured_image_src":{"full":false,"thumbnail":false,"medium":false,"medium_large":false,"large":false,"1536x1536":false,"2048x2048":false,"trp-custom-language-flag":false,"gform-image-choice-sm":false,"gform-image-choice-md":false,"gform-image-choice-lg":false},"uagb_author_info":{"display_name":"Cornershop Creative","author_link":"http:\/\/path4you.org\/ht\/author\/cornershop\/"},"uagb_comment_info":0,"uagb_excerpt":null,"_links":{"self":[{"href":"http:\/\/path4you.org\/ht\/wp-json\/wp\/v2\/pages\/802","targetHints":{"allow":["GET"]}}],"collection":[{"href":"http:\/\/path4you.org\/ht\/wp-json\/wp\/v2\/pages"}],"about":[{"href":"http:\/\/path4you.org\/ht\/wp-json\/wp\/v2\/types\/page"}],"author":[{"embeddable":true,"href":"http:\/\/path4you.org\/ht\/wp-json\/wp\/v2\/users\/2"}],"replies":[{"embeddable":true,"href":"http:\/\/path4you.org\/ht\/wp-json\/wp\/v2\/comments?post=802"}],"version-history":[{"count":47,"href":"http:\/\/path4you.org\/ht\/wp-json\/wp\/v2\/pages\/802\/revisions"}],"predecessor-version":[{"id":4596,"href":"http:\/\/path4you.org\/ht\/wp-json\/wp\/v2\/pages\/802\/revisions\/4596"}],"wp:attachment":[{"href":"http:\/\/path4you.org\/ht\/wp-json\/wp\/v2\/media?parent=802"}],"curies":[{"name":"wp","href":"https:\/\/api.w.org\/{rel}","templated":true}]}}